{"id":692,"date":"2026-01-30T11:18:56","date_gmt":"2026-01-30T11:18:56","guid":{"rendered":"https:\/\/ik-probeer.be\/?page_id=692"},"modified":"2026-02-01T09:55:32","modified_gmt":"2026-02-01T09:55:32","slug":"thank-you","status":"publish","type":"page","link":"https:\/\/ik-probeer.be\/fr\/thank-you\/","title":{"rendered":"Bedankt."},"content":{"rendered":"<div data-elementor-type=\"wp-page\" data-elementor-id=\"692\" class=\"elementor elementor-692\" data-elementor-post-type=\"page\">\n\t\t\t\t<div class=\"elementor-element elementor-element-a3e2bed e-flex e-con-boxed e-con e-parent\" data-id=\"a3e2bed\" data-element_type=\"container\">\n\t\t\t\t\t<div class=\"e-con-inner\">\n\t\t\t\t<div class=\"elementor-element elementor-element-63618ca elementor-widget elementor-widget-text-editor\" data-id=\"63618ca\" data-element_type=\"widget\" data-widget_type=\"text-editor.default\">\n\t\t\t\t\t\t\t\t\t<strong><span style=\"background: #DDDF4B;\"> Merci! <\/span><\/strong>\t\t\t\t\t\t\t\t<\/div>\n\t\t\t\t<div class=\"elementor-element elementor-element-909c1cc elementor-widget elementor-widget-text-editor\" data-id=\"909c1cc\" data-element_type=\"widget\" data-no-translation=\"\" data-widget_type=\"text-editor.default\">\n\t\t\t\t\t<style>.elementor-element-909c1cc{display:none !important}<\/style>\t\t\t\t<\/div>\n\t\t\t\t<div class=\"elementor-element elementor-element-7b4a174 elementor-widget elementor-widget-text-editor\" data-id=\"7b4a174\" data-element_type=\"widget\" data-no-translation=\"\" data-widget_type=\"text-editor.default\">\n\t\t\t\t\t\t\t\t\t<p>Nous avons bien re\u00e7u votre demande. Nous allons imm\u00e9diatement pr\u00e9parer votre colis et vous l&#8217;envoyer.<\/p><p>En attendant, souhaitez-vous partager notre campagne sur les r\u00e9seaux sociaux ?<\/p><p><a style=\"font-family: -apple-system, BlinkMacSystemFont, 'Segoe UI', Roboto, 'Helvetica Neue', Arial, 'Noto Sans', sans-serif, 'Apple Color Emoji', 'Segoe UI Emoji', 'Segoe UI Symbol', 'Noto Color Emoji';\" href=\"http:\/\/href=&quot;https:\/\/ik-probeer.be\/Downloads\/Campagne_FR.zip&quot;\" data-wplink-url-error=\"true\"><strong>T\u00e9l\u00e9charger le mat\u00e9riel de campagne ici.<\/strong><\/a><\/p>\t\t\t\t\t\t\t\t<\/div>\n\t\t\t\t\t<\/div>\n\t\t\t\t<\/div>\n\t\t<div class=\"elementor-element elementor-element-d215b63 e-flex e-con-boxed e-con e-parent\" data-id=\"d215b63\" data-element_type=\"container\" data-settings=\"{&quot;background_background&quot;:&quot;classic&quot;}\">\n\t\t\t\t\t<div class=\"e-con-inner\">\n\t\t\t\t<div class=\"elementor-element elementor-element-5202f34 elementor-widget elementor-widget-spacer\" data-id=\"5202f34\" data-element_type=\"widget\" data-widget_type=\"spacer.default\">\n\t\t\t\t\t\t\t<div class=\"elementor-spacer\">\n\t\t\t<div class=\"elementor-spacer-inner\"><\/div>\n\t\t<\/div>\n\t\t\t\t\t\t<\/div>\n\t\t\t\t\t<\/div>\n\t\t\t\t<\/div>\n\t\t\t\t<\/div>","protected":false},"excerpt":{"rendered":"<p>Merci pour votre support!<\/p>","protected":false},"author":2,"featured_media":481,"parent":0,"menu_order":0,"comment_status":"closed","ping_status":"closed","template":"","meta":{"footnotes":""},"class_list":["post-692","page","type-page","status-publish","has-post-thumbnail","hentry"],"yoast_head":"<!-- This site is optimized with the Yoast SEO plugin v26.8 - https:\/\/yoast.com\/product\/yoast-seo-wordpress\/ -->\n<title>Bedankt. - Ik Probeer Verdomme<\/title>\n<meta name=\"description\" content=\"Deze moedige ambassadeurs leven met een hersentumor. Dat is elke dag proberen. Probeer jij met hen mee?\" \/>\n<meta name=\"robots\" content=\"index, follow, max-snippet:-1, max-image-preview:large, max-video-preview:-1\" \/>\n<link rel=\"canonical\" href=\"https:\/\/ik-probeer.be\/fr\/thank-you\/\" \/>\n<meta property=\"og:locale\" content=\"fr_FR\" \/>\n<meta property=\"og:type\" content=\"article\" \/>\n<meta property=\"og:title\" content=\"Ik Probeer Verdomme\" \/>\n<meta property=\"og:description\" content=\"Probeer jij mee met Ingele, Mieke, Hannah, Griet, Cynthia, Brecht en Filip? Deel onze campagne!\" \/>\n<meta property=\"og:url\" content=\"https:\/\/ik-probeer.be\/fr\/thank-you\/\" \/>\n<meta property=\"og:site_name\" content=\"Ik Probeer Verdomme\" \/>\n<meta property=\"article:modified_time\" content=\"2026-02-01T09:55:32+00:00\" \/>\n<meta property=\"og:image\" content=\"https:\/\/ik-probeer.be\/wp-content\/uploads\/2026\/01\/Ik-Probeer-Verdomme-Logo-Zwart.png\" \/>\n\t<meta property=\"og:image:width\" content=\"512\" \/>\n\t<meta property=\"og:image:height\" content=\"512\" \/>\n\t<meta property=\"og:image:type\" content=\"image\/png\" \/>\n<meta name=\"twitter:card\" content=\"summary_large_image\" \/>\n<meta name=\"twitter:label1\" content=\"Dur\u00e9e de lecture est.\" \/>\n\t<meta name=\"twitter:data1\" content=\"1 minute\" \/>\n<script type=\"application\/ld+json\" class=\"yoast-schema-graph\">{\"@context\":\"https:\/\/schema.org\",\"@graph\":[{\"@type\":\"WebPage\",\"@id\":\"https:\/\/ik-probeer.be\/thank-you\/\",\"url\":\"https:\/\/ik-probeer.be\/thank-you\/\",\"name\":\"Bedankt. - Ik Probeer Verdomme\",\"isPartOf\":{\"@id\":\"https:\/\/ik-probeer.be\/#website\"},\"primaryImageOfPage\":{\"@id\":\"https:\/\/ik-probeer.be\/thank-you\/#primaryimage\"},\"image\":{\"@id\":\"https:\/\/ik-probeer.be\/thank-you\/#primaryimage\"},\"thumbnailUrl\":\"https:\/\/ik-probeer.be\/wp-content\/uploads\/2026\/01\/Servier_Transp_Groepsfoto_1140x550px_v1-FR.png\",\"datePublished\":\"2026-01-30T11:18:56+00:00\",\"dateModified\":\"2026-02-01T09:55:32+00:00\",\"description\":\"Deze moedige ambassadeurs leven met een hersentumor. Dat is elke dag proberen. Probeer jij met hen mee?\",\"breadcrumb\":{\"@id\":\"https:\/\/ik-probeer.be\/thank-you\/#breadcrumb\"},\"inLanguage\":\"fr-BE\",\"potentialAction\":[{\"@type\":\"ReadAction\",\"target\":[\"https:\/\/ik-probeer.be\/thank-you\/\"]}]},{\"@type\":\"ImageObject\",\"inLanguage\":\"fr-BE\",\"@id\":\"https:\/\/ik-probeer.be\/thank-you\/#primaryimage\",\"url\":\"https:\/\/ik-probeer.be\/wp-content\/uploads\/2026\/01\/Servier_Transp_Groepsfoto_1140x550px_v1-FR.png\",\"contentUrl\":\"https:\/\/ik-probeer.be\/wp-content\/uploads\/2026\/01\/Servier_Transp_Groepsfoto_1140x550px_v1-FR.png\",\"width\":1140,\"height\":550,\"caption\":\"Servier_Transp_Groepsfoto_1140x550px_v1-FR\"},{\"@type\":\"BreadcrumbList\",\"@id\":\"https:\/\/ik-probeer.be\/thank-you\/#breadcrumb\",\"itemListElement\":[{\"@type\":\"ListItem\",\"position\":1,\"name\":\"Home\",\"item\":\"https:\/\/ik-probeer.be\/\"},{\"@type\":\"ListItem\",\"position\":2,\"name\":\"Bedankt.\"}]},{\"@type\":\"WebSite\",\"@id\":\"https:\/\/ik-probeer.be\/#website\",\"url\":\"https:\/\/ik-probeer.be\/\",\"name\":\"Ik Probeer Verdomme\",\"description\":\"Leven met een hersentumor betekent elke dag opnieuw proberen.\\u2028 Te werken. Te onthouden. Te voelen. Erbij te horen. \",\"potentialAction\":[{\"@type\":\"SearchAction\",\"target\":{\"@type\":\"EntryPoint\",\"urlTemplate\":\"https:\/\/ik-probeer.be\/?s={search_term_string}\"},\"query-input\":{\"@type\":\"PropertyValueSpecification\",\"valueRequired\":true,\"valueName\":\"search_term_string\"}}],\"inLanguage\":\"fr-BE\"}]}<\/script>\n<!-- \/ Yoast SEO plugin. -->","yoast_head_json":{"title":"Merci - M'enfin J'essaie","description":"Ces courageux ambassadeurs vivent avec une tumeur au cerveau. C'est un d\u00e9fi quotidien. Voulez-vous les rejoindre ?","robots":{"index":"index","follow":"follow","max-snippet":"max-snippet:-1","max-image-preview":"max-image-preview:large","max-video-preview":"max-video-preview:-1"},"canonical":"https:\/\/ik-probeer.be\/fr\/thank-you\/","og_locale":"fr_FR","og_type":"article","og_title":"Ik Probeer Verdomme","og_description":"Probeer jij mee met Ingele, Mieke, Hannah, Griet, Cynthia, Brecht en Filip? Deel onze campagne!","og_url":"https:\/\/ik-probeer.be\/fr\/thank-you\/","og_site_name":"Ik Probeer Verdomme","article_modified_time":"2026-02-01T09:55:32+00:00","og_image":[{"width":512,"height":512,"url":"https:\/\/ik-probeer.be\/wp-content\/uploads\/2026\/01\/Ik-Probeer-Verdomme-Logo-Zwart.png","type":"image\/png"}],"twitter_card":"summary_large_image","twitter_misc":{"Dur\u00e9e de lecture est.":"1 minute"},"schema":{"@context":"https:\/\/schema.org","@graph":[{"@type":"WebPage","@id":"https:\/\/ik-probeer.be\/thank-you\/","url":"https:\/\/ik-probeer.be\/thank-you\/","name":"Merci - M'enfin J'essaie","isPartOf":{"@id":"https:\/\/ik-probeer.be\/#website"},"primaryImageOfPage":{"@id":"https:\/\/ik-probeer.be\/thank-you\/#primaryimage"},"image":{"@id":"https:\/\/ik-probeer.be\/thank-you\/#primaryimage"},"thumbnailUrl":"https:\/\/ik-probeer.be\/wp-content\/uploads\/2026\/01\/Servier_Transp_Groepsfoto_1140x550px_v1-FR.png","datePublished":"2026-01-30T11:18:56+00:00","dateModified":"2026-02-01T09:55:32+00:00","description":"Ces courageux ambassadeurs vivent avec une tumeur au cerveau. C'est un d\u00e9fi quotidien. Voulez-vous les rejoindre ?","breadcrumb":{"@id":"https:\/\/ik-probeer.be\/thank-you\/#breadcrumb"},"inLanguage":"fr-BE","potentialAction":[{"@type":"ReadAction","target":["https:\/\/ik-probeer.be\/thank-you\/"]}]},{"@type":"ImageObject","inLanguage":"fr-BE","@id":"https:\/\/ik-probeer.be\/thank-you\/#primaryimage","url":"https:\/\/ik-probeer.be\/wp-content\/uploads\/2026\/01\/Servier_Transp_Groepsfoto_1140x550px_v1-FR.png","contentUrl":"https:\/\/ik-probeer.be\/wp-content\/uploads\/2026\/01\/Servier_Transp_Groepsfoto_1140x550px_v1-FR.png","width":1140,"height":550,"caption":"Servier_Transp_Groepsfoto_1140x550px_v1-FR"},{"@type":"BreadcrumbList","@id":"https:\/\/ik-probeer.be\/thank-you\/#breadcrumb","itemListElement":[{"@type":"ListItem","position":1,"name":"Home","item":"https:\/\/ik-probeer.be\/"},{"@type":"ListItem","position":2,"name":"Bedankt."}]},{"@type":"WebSite","@id":"https:\/\/ik-probeer.be\/#website","url":"https:\/\/ik-probeer.be\/","name":"M'enfin J'essaie","description":"Vivre avec une tumeur c\u00e9r\u00e9brale, c\u2019est essayer chaque jour. Essayer de bouger. De parler. De travailler. De se souvenir. De ressentir. D\u2019appartenir encore \u00e0 la vie.","potentialAction":[{"@type":"SearchAction","target":{"@type":"EntryPoint","urlTemplate":"https:\/\/ik-probeer.be\/?s={search_term_string}"},"query-input":{"@type":"PropertyValueSpecification","valueRequired":true,"valueName":"search_term_string"}}],"inLanguage":"fr-BE"}]}},"_links":{"self":[{"href":"https:\/\/ik-probeer.be\/fr\/wp-json\/wp\/v2\/pages\/692","targetHints":{"allow":["GET"]}}],"collection":[{"href":"https:\/\/ik-probeer.be\/fr\/wp-json\/wp\/v2\/pages"}],"about":[{"href":"https:\/\/ik-probeer.be\/fr\/wp-json\/wp\/v2\/types\/page"}],"author":[{"embeddable":true,"href":"https:\/\/ik-probeer.be\/fr\/wp-json\/wp\/v2\/users\/2"}],"replies":[{"embeddable":true,"href":"https:\/\/ik-probeer.be\/fr\/wp-json\/wp\/v2\/comments?post=692"}],"version-history":[{"count":28,"href":"https:\/\/ik-probeer.be\/fr\/wp-json\/wp\/v2\/pages\/692\/revisions"}],"predecessor-version":[{"id":769,"href":"https:\/\/ik-probeer.be\/fr\/wp-json\/wp\/v2\/pages\/692\/revisions\/769"}],"wp:featuredmedia":[{"embeddable":true,"href":"https:\/\/ik-probeer.be\/fr\/wp-json\/wp\/v2\/media\/481"}],"wp:attachment":[{"href":"https:\/\/ik-probeer.be\/fr\/wp-json\/wp\/v2\/media?parent=692"}],"curies":[{"name":"wp","href":"https:\/\/api.w.org\/{rel}","templated":true}]}}