{"id":175,"date":"2026-01-23T08:29:22","date_gmt":"2026-01-23T08:29:22","guid":{"rendered":"https:\/\/ik-probeer.be\/?page_id=175"},"modified":"2026-02-02T12:35:45","modified_gmt":"2026-02-02T12:35:45","slug":"mieke","status":"publish","type":"page","link":"https:\/\/ik-probeer.be\/fr\/mieke\/","title":{"rendered":"Getuigenis Mieke"},"content":{"rendered":"<div data-elementor-type=\"wp-page\" data-elementor-id=\"175\" class=\"elementor elementor-175\" data-elementor-post-type=\"page\">\n\t\t\t\t<div class=\"elementor-element elementor-element-b4f163e e-flex e-con-boxed e-con e-parent\" data-id=\"b4f163e\" data-element_type=\"container\">\n\t\t\t\t\t<div class=\"e-con-inner\">\n\t\t<div class=\"elementor-element elementor-element-a5f3996 e-con-full e-flex e-con e-child\" data-id=\"a5f3996\" data-element_type=\"container\">\n\t\t\t\t<div class=\"elementor-element elementor-element-22c4ecf elementor-widget elementor-widget-image\" data-id=\"22c4ecf\" data-element_type=\"widget\" data-no-translation=\"\" data-widget_type=\"image.default\">\n\t\t\t\t\t<style>.elementor-element-22c4ecf{display:none !important}<\/style>\t\t\t\t<\/div>\n\t\t\t\t<div class=\"elementor-element elementor-element-c5d277a elementor-widget elementor-widget-image\" data-id=\"c5d277a\" data-element_type=\"widget\" data-no-translation=\"\" data-widget_type=\"image.default\">\n\t\t\t\t\t\t\t\t\t\t\t\t\t\t\t<img fetchpriority=\"high\" decoding=\"async\" width=\"512\" height=\"512\" src=\"https:\/\/ik-probeer.be\/wp-content\/uploads\/2026\/01\/Mieke-Menfin-Jessaie-1.png\" class=\"attachment-large size-large wp-image-454\" alt=\"Mieke - M\u2019enfin J\u2019essaie\" srcset=\"https:\/\/ik-probeer.be\/wp-content\/uploads\/2026\/01\/Mieke-Menfin-Jessaie-1.png 512w, https:\/\/ik-probeer.be\/wp-content\/uploads\/2026\/01\/Mieke-Menfin-Jessaie-1-300x300.png 300w, https:\/\/ik-probeer.be\/wp-content\/uploads\/2026\/01\/Mieke-Menfin-Jessaie-1-150x150.png 150w, https:\/\/ik-probeer.be\/wp-content\/uploads\/2026\/01\/Mieke-Menfin-Jessaie-1-12x12.png 12w\" sizes=\"(max-width: 512px) 100vw, 512px\" \/>\t\t\t\t\t\t\t\t\t\t\t\t\t\t\t<\/div>\n\t\t\t\t<\/div>\n\t\t<div class=\"elementor-element elementor-element-dd52eb9 e-con-full e-flex e-con e-child\" data-id=\"dd52eb9\" data-element_type=\"container\">\n\t\t\t\t<div class=\"elementor-element elementor-element-ffccea7 elementor-widget elementor-widget-text-editor\" data-id=\"ffccea7\" data-element_type=\"widget\" data-widget_type=\"text-editor.default\">\n\t\t\t\t\t\t\t\t\t<p><span style=\"color: #000000;\"><strong><span style=\"background: #DDDF4B;\"> &#8220;Zelfs tijdens mijn bestralingen probeerde ik andere pati\u00ebnten moed in te spreken.&#8221;<\/span><\/strong><\/span><\/p>\t\t\t\t\t\t\t\t<\/div>\n\t\t\t\t<div class=\"elementor-element elementor-element-248a4aa elementor-widget elementor-widget-text-editor\" data-id=\"248a4aa\" data-element_type=\"widget\" data-widget_type=\"text-editor.default\">\n\t\t\t\t\t\t\t\t\t<p>Mieke ne peut plus travailler \u00e0 la suite d\u2019une tumeur c\u00e9r\u00e9brale avec r\u00e9cidive, mais elle reste in\u00e9branlablement positive.<\/p>\t\t\t\t\t\t\t\t<\/div>\n\t\t\t\t<div class=\"elementor-element elementor-element-3a9ce61 elementor-widget elementor-widget-text-editor\" data-id=\"3a9ce61\" data-element_type=\"widget\" data-widget_type=\"text-editor.default\">\n\t\t\t\t\t\t\t\t\t<p><b>Nom:<\/b> Mieke Quackelbeen<\/p>\n<p><strong>Age:<\/strong> 51 ans<\/p>\n<p><b>Domicile<\/b><span style=\"font-weight: 400;\">: Roeselare<\/span><\/p>\t\t\t\t\t\t\t\t<\/div>\n\t\t\t\t<\/div>\n\t\t\t\t\t<\/div>\n\t\t\t\t<\/div>\n\t\t<div class=\"elementor-element elementor-element-2acd55e e-flex e-con-boxed e-con e-parent\" data-id=\"2acd55e\" data-element_type=\"container\">\n\t\t\t\t\t<div class=\"e-con-inner\">\n\t\t<div class=\"elementor-element elementor-element-98eeafb e-con-full e-flex e-con e-child\" data-id=\"98eeafb\" data-element_type=\"container\">\n\t\t\t\t<div class=\"elementor-element elementor-element-e2818d7 elementor-widget elementor-widget-text-editor\" data-id=\"e2818d7\" data-element_type=\"widget\" data-widget_type=\"text-editor.default\">\n\t\t\t\t\t\t\t\t\t<p><strong>Quand et comment avez-vous d\u00e9couvert que vous aviez une tumeur c\u00e9r\u00e9brale ?<\/strong><\/p>\n<p>\"En 2013, on m\u2019a diagnostiqu\u00e9 une premi\u00e8re tumeur c\u00e9r\u00e9brale. Avec le recul, les signes \u00e9taient l\u00e0 depuis un certain temps d\u00e9j\u00e0. Je ne trouvais plus mes mots. Des mots simples comme \u201cpistolet\u201d ou \u201ccitrouille\u201d ne me venaient plus \u00e0 l\u2019esprit. Je laissais tomber des objets. Je sentais que quelque chose n\u2019allait pas, mais sans imaginer le pire. Jusqu\u2019au jour o\u00f9, lors d\u2019un week-end \u00e0 la mer, j\u2019ai soudainement fait une crise d\u2019\u00e9pilepsie. J\u2019en garde des souvenirs fragmentaires : vouloir dire quelque chose, ne pas y parvenir, puis me r\u00e9veiller dans l\u2019ambulance. \u00c0 l\u2019h\u00f4pital de Blankenberge, ils ont r\u00e9alis\u00e9 des scanners de mon cerveau et le verdict est tomb\u00e9 : une tumeur c\u00e9r\u00e9brale. J\u2019avais alors 38 ans. J\u2019ai accueilli la nouvelle avec beaucoup de calme. Je n\u2019ai pas paniqu\u00e9. Je me suis simplement dit : d\u2019accord, c\u2019est comme \u00e7a, et maintenant, on continue.\"<\/p>\n<p>\u00a0<\/p>\n<p><strong>Comment s\u2019est d\u00e9roul\u00e9 le traitement ?<\/strong><\/p>\n<p>\"\u00c0 l\u2019h\u00f4pital de Roulers, les m\u00e9decins ont pu retirer compl\u00e8tement la tumeur par chirurgie. Il s\u2019agissait d\u2019une tumeur \u00e0 croissance lente, probablement pr\u00e9sente depuis des ann\u00e9es. Avec le recul, tout s\u2019expliquait : le fait que je m\u2019endormais souvent \u00e0 l\u2019\u00e9cole, que j\u2019\u00e9tais parfois \u201cabsente\u201d. Deux mois apr\u00e8s l\u2019op\u00e9ration, j\u2019ai repris le travail au Centre d\u2019\u00c9ducation des Adultes, o\u00f9 je m\u2019occupais de l\u2019organisation et du soutien administratif. Les premiers jours ont \u00e9t\u00e9 tr\u00e8s difficiles. Je devais tout noter et appeler sans cesse mes coll\u00e8gues pour v\u00e9rifier comment faire certaines choses. Ensuite, cela s\u2019est am\u00e9lior\u00e9.\"<\/p>\n<p>\u00a0<\/p>\n<p><strong>Deux ans plus tard, la tumeur est revenue.<\/strong><\/p>\n<p>\"En 2015, j\u2019ai de nouveau ressenti cette sensation \u00e9trange dans ma t\u00eate. J\u2019ai imm\u00e9diatement su que la tumeur \u00e9tait revenue. Cette fois-ci, les m\u00e9decins ne pouvaient plus l\u2019op\u00e9rer, car elle se trouvait \u00e0 un endroit trop dangereux du cerveau. J\u2019ai suivi une radioth\u00e9rapie, puis une longue p\u00e9riode de chimioth\u00e9rapie. Avant chaque s\u00e9ance de chimioth\u00e9rapie, il fallait v\u00e9rifier si mes param\u00e8tres sanguins \u00e9taient suffisants, ce qui n\u2019\u00e9tait pas toujours le cas. C\u2019est pourquoi l\u2019ensemble du traitement s\u2019est \u00e9tal\u00e9 sur deux ans. Malgr\u00e9 tout, je savais que tout irait bien et que je n\u2019allais pas mourir.\"<\/p>\n<p>\u00a0<\/p>\n<p><strong>Quels d\u00e9fis physiques rencontrez-vous depuis l\u2019op\u00e9ration ?<\/strong><\/p>\n<p>\"Ma main droite ne fonctionne plus comme avant : je ne peux plus former un poing. Lorsqu\u2019une tumeur se situe dans l\u2019h\u00e9misph\u00e8re gauche du cerveau, c\u2019est g\u00e9n\u00e9ralement le c\u00f4t\u00e9 droit du corps qui est affect\u00e9, et inversement. En outre, je souffre de fibromyalgie depuis avant la tumeur, une affection qui provoque des douleurs chroniques dans les muscles et les tissus conjonctifs. Malgr\u00e9 cela, j\u2019essaie de rester aussi autonome que possible. Je demande de l\u2019aide lorsque c\u2019est vraiment n\u00e9cessaire, mais j\u2019essaie toujours d\u2019abord par moi-m\u00eame. Je fais aussi beaucoup de puzzles et de jeux de m\u00e9moire pour entra\u00eener mon cerveau.\"<\/p>\n<p>\u00a0<\/p>\n<p><strong>Comment la tumeur c\u00e9r\u00e9brale a-t-elle chang\u00e9 votre quotidien ?<\/strong><\/p>\n<p>\"Bien s\u00fbr, il y a des choses qui me manquent. L\u2019\u00e9quitation, par exemple : y renoncer m\u2019a fait mal. Je supporte aussi beaucoup moins le bruit et l\u2019agitation, ce qui fait que je sors peu. Mais chaque vendredi, je vais manger des frites avec mes \u201camis des frites\u201d. Cela compte \u00e9norm\u00e9ment pour moi. Travailler n\u2019est plus possible pour l\u2019instant. Pourtant, j\u2019\u00e9tais autrefois tr\u00e8s active dans l\u2019horeca et j\u2019enseignais \u00e0 l\u2019\u00e9cole h\u00f4teli\u00e8re. Mon fils a\u00een\u00e9 vit avec moi et mon plus jeune fils vient passer un week-end sur deux \u00e0 la maison. Ma vie est plus calme aujourd\u2019hui, moins spectaculaire peut-\u00eatre.\"<\/p>\n<p>\u00a0<\/p>\n<p><strong>Pourquoi avez-vous voulu devenir un visage de cette campagne ?<\/strong><\/p>\n<p>\"Pour donner de l\u2019espoir aux autres personnes atteintes d\u2019une tumeur c\u00e9r\u00e9brale. Et pour leur dire : la vie, c\u2019est maintenant, pas plus tard. J\u2019ai vu des personnes attendre \u201cplus tard\u201d, et parfois ce moment n\u2019est jamais arriv\u00e9. M\u00eame pendant mes s\u00e9ances de radioth\u00e9rapie, j\u2019essayais d\u2019encourager les autres patients. Un homme h\u00e9sitait \u00e0 continuer \u00e0 rouler \u00e0 v\u00e9lo de course pendant ses traitements ; je l\u2019ai convaincu d\u2019y croire et de remonter sur son v\u00e9lo. Je crois profond\u00e9ment au positivisme. Pas de mani\u00e8re na\u00efve, mais comme un choix. Le soir, dans mon lit, je remercie Dieu et les anges d\u2019\u00eatre encore en vie. Chaque jour. C\u2019est ce qui me donne la force d\u2019avancer.\"<\/p>\t\t\t\t\t\t\t\t<\/div>\n\t\t\t\t<\/div>\n\t\t\t\t\t<\/div>\n\t\t\t\t<\/div>\n\t\t<div class=\"elementor-element elementor-element-48815b7 e-flex e-con-boxed e-con e-parent\" data-id=\"48815b7\" data-element_type=\"container\">\n\t\t\t\t\t<div class=\"e-con-inner\">\n\t\t\t\t<div class=\"elementor-element elementor-element-67e732c elementor-widget elementor-widget-spacer\" data-id=\"67e732c\" data-element_type=\"widget\" data-widget_type=\"spacer.default\">\n\t\t\t\t\t\t\t<div class=\"elementor-spacer\">\n\t\t\t<div class=\"elementor-spacer-inner\"><\/div>\n\t\t<\/div>\n\t\t\t\t\t\t<\/div>\n\t\t\t\t\t<\/div>\n\t\t\t\t<\/div>\n\t\t<div class=\"elementor-element elementor-element-19a8fd8 e-flex e-con-boxed e-con e-parent\" data-id=\"19a8fd8\" data-element_type=\"container\" data-settings=\"{&quot;background_background&quot;:&quot;classic&quot;}\">\n\t\t\t\t\t<div class=\"e-con-inner\">\n\t\t<div class=\"elementor-element elementor-element-08a68fa e-con-full e-flex e-con e-child\" data-id=\"08a68fa\" data-element_type=\"container\">\n\t\t\t\t<div class=\"elementor-element elementor-element-9a962f1 elementor-widget elementor-widget-image\" data-id=\"9a962f1\" data-element_type=\"widget\" data-no-translation=\"\" data-widget_type=\"image.default\">\n\t\t\t\t\t<style>.elementor-element-9a962f1{display:none !important}<\/style>\t\t\t\t<\/div>\n\t\t\t\t<div class=\"elementor-element elementor-element-3d91037 elementor-widget elementor-widget-image\" data-id=\"3d91037\" data-element_type=\"widget\" data-no-translation=\"\" data-widget_type=\"image.default\">\n\t\t\t\t\t\t\t\t\t\t\t\t\t\t\t<img decoding=\"async\" width=\"512\" height=\"512\" src=\"https:\/\/ik-probeer.be\/wp-content\/uploads\/2026\/01\/menfin-jessaie-Logo-Wit.png\" class=\"attachment-large size-large wp-image-74\" alt=\"m&#039;enfin, j&#039;essaie\" srcset=\"https:\/\/ik-probeer.be\/wp-content\/uploads\/2026\/01\/menfin-jessaie-Logo-Wit.png 512w, https:\/\/ik-probeer.be\/wp-content\/uploads\/2026\/01\/menfin-jessaie-Logo-Wit-300x300.png 300w, https:\/\/ik-probeer.be\/wp-content\/uploads\/2026\/01\/menfin-jessaie-Logo-Wit-150x150.png 150w\" sizes=\"(max-width: 512px) 100vw, 512px\" \/>\t\t\t\t\t\t\t\t\t\t\t\t\t\t\t<\/div>\n\t\t\t\t<\/div>\n\t\t<div class=\"elementor-element elementor-element-56f9f98 e-con-full e-flex e-con e-child\" data-id=\"56f9f98\" data-element_type=\"container\">\n\t\t\t\t<div class=\"elementor-element elementor-element-4da7a50 elementor-widget elementor-widget-text-editor\" data-id=\"4da7a50\" data-element_type=\"widget\" data-widget_type=\"text-editor.default\">\n\t\t\t\t\t\t\t\t\t<p><span style=\"font-weight: 400;\">&#8230; <\/span>de rester positive chaque jour. Parce que je suis reconnaissante d\u2019\u00eatre encore en vie.<\/p>\t\t\t\t\t\t\t\t<\/div>\n\t\t\t\t<div class=\"elementor-element elementor-element-12b93ba elementor-widget elementor-widget-spacer\" data-id=\"12b93ba\" data-element_type=\"widget\" data-widget_type=\"spacer.default\">\n\t\t\t\t\t\t\t<div class=\"elementor-spacer\">\n\t\t\t<div class=\"elementor-spacer-inner\"><\/div>\n\t\t<\/div>\n\t\t\t\t\t\t<\/div>\n\t\t\t\t<\/div>\n\t\t\t\t\t<\/div>\n\t\t\t\t<\/div>\n\t\t<div class=\"elementor-element elementor-element-b891517 e-flex e-con-boxed e-con e-parent\" data-id=\"b891517\" data-element_type=\"container\" data-settings=\"{&quot;background_background&quot;:&quot;classic&quot;}\">\n\t\t\t\t\t<div class=\"e-con-inner\">\n\t\t<div class=\"elementor-element elementor-element-4bfeab1 e-con-full e-flex e-con e-child\" data-id=\"4bfeab1\" data-element_type=\"container\">\n\t\t\t\t<div class=\"elementor-element elementor-element-4303016 elementor-widget elementor-widget-spacer\" data-id=\"4303016\" data-element_type=\"widget\" data-widget_type=\"spacer.default\">\n\t\t\t\t\t\t\t<div class=\"elementor-spacer\">\n\t\t\t<div class=\"elementor-spacer-inner\"><\/div>\n\t\t<\/div>\n\t\t\t\t\t\t<\/div>\n\t\t\t\t<\/div>\n\t\t<div class=\"elementor-element elementor-element-8b4195a e-con-full e-flex e-con e-child\" data-id=\"8b4195a\" data-element_type=\"container\">\n\t\t<div class=\"elementor-element elementor-element-d444451 e-con-full e-flex e-con e-child\" data-id=\"d444451\" data-element_type=\"container\">\n\t\t\t\t<div class=\"elementor-element elementor-element-9ebf42e elementor-widget elementor-widget-text-editor\" data-id=\"9ebf42e\" data-element_type=\"widget\" data-widget_type=\"text-editor.default\">\n\t\t\t\t\t\t\t\t\t<p><strong>\u00c0 propos de la campagne<\/strong><\/p>\t\t\t\t\t\t\t\t<\/div>\n\t\t\t\t<div class=\"elementor-element elementor-element-1f4988c elementor-widget elementor-widget-text-editor\" data-id=\"1f4988c\" data-element_type=\"widget\" data-widget_type=\"text-editor.default\">\n\t\t\t\t\t\t\t\t\t<p><span style=\"font-weight: 400;\">Cette campagne donne une voix \u00e0 des personnes qui se battent chaque jour pour continuer \u00e0 faire partie de la vie. Pas pour susciter la piti\u00e9, mais pour demander de la compr\u00e9hension.\u00a0<\/span><\/p><p><span style=\"font-weight: 400;\">Des personnes qui essaient. Chaque jour. Encore et encore.\u00a0<\/span><\/p><p><b>Essaierez-vous,<\/b><span style=\"font-weight: 400;\"> vous aussi, de rendre leur histoire visible ? Soutenez la campagne :  partagez-la sur vos canaux, parlez-en autour de vous et montrez que le fait d\u2019essayer m\u00e9rite d\u2019\u00eatre vu.<\/span><\/p>\t\t\t\t\t\t\t\t<\/div>\n\t\t\t\t<div class=\"elementor-element elementor-element-7fe8480 elementor-widget elementor-widget-button\" data-id=\"7fe8480\" data-element_type=\"widget\" data-widget_type=\"button.default\">\n\t\t\t\t\t\t\t\t\t\t<a class=\"elementor-button elementor-button-link elementor-size-sm\" href=\"https:\/\/ik-probeer.be\/campagne\/\">\n\t\t\t\t\t\t<span class=\"elementor-button-content-wrapper\">\n\t\t\t\t\t\t\t\t\t<span class=\"elementor-button-text\">Soutenez la campagne<\/span>\n\t\t\t\t\t<\/span>\n\t\t\t\t\t<\/a>\n\t\t\t\t\t\t\t\t<\/div>\n\t\t\t\t<\/div>\n\t\t<div class=\"elementor-element elementor-element-aa1f0b6 e-con-full e-flex e-con e-child\" data-id=\"aa1f0b6\" data-element_type=\"container\">\n\t\t\t\t<div class=\"elementor-element elementor-element-bf03342 elementor-widget elementor-widget-image\" data-id=\"bf03342\" data-element_type=\"widget\" data-no-translation=\"\" data-widget_type=\"image.default\">\n\t\t\t\t\t<style>.elementor-element-bf03342{display:none !important}<\/style>\t\t\t\t<\/div>\n\t\t\t\t<div class=\"elementor-element elementor-element-b93a98b elementor-widget elementor-widget-image\" data-id=\"b93a98b\" data-element_type=\"widget\" data-no-translation=\"\" data-widget_type=\"image.default\">\n\t\t\t\t\t\t\t\t\t\t\t\t\t\t\t<img decoding=\"async\" width=\"800\" height=\"800\" src=\"https:\/\/ik-probeer.be\/wp-content\/uploads\/2026\/01\/Steunpakket_1_1_Servier_FR2-1024x1024.png\" class=\"attachment-large size-large wp-image-754\" alt=\"Steunpakket_1_1_Servier_FR2\" srcset=\"https:\/\/ik-probeer.be\/wp-content\/uploads\/2026\/01\/Steunpakket_1_1_Servier_FR2-1024x1024.png 1024w, https:\/\/ik-probeer.be\/wp-content\/uploads\/2026\/01\/Steunpakket_1_1_Servier_FR2-300x300.png 300w, https:\/\/ik-probeer.be\/wp-content\/uploads\/2026\/01\/Steunpakket_1_1_Servier_FR2-150x150.png 150w, https:\/\/ik-probeer.be\/wp-content\/uploads\/2026\/01\/Steunpakket_1_1_Servier_FR2-768x768.png 768w, https:\/\/ik-probeer.be\/wp-content\/uploads\/2026\/01\/Steunpakket_1_1_Servier_FR2-12x12.png 12w, https:\/\/ik-probeer.be\/wp-content\/uploads\/2026\/01\/Steunpakket_1_1_Servier_FR2.png 1080w\" sizes=\"(max-width: 800px) 100vw, 800px\" \/>\t\t\t\t\t\t\t\t\t\t\t\t\t\t\t<\/div>\n\t\t\t\t<\/div>\n\t\t\t\t<\/div>\n\t\t<div class=\"elementor-element elementor-element-25584fb e-con-full e-flex e-con e-child\" data-id=\"25584fb\" data-element_type=\"container\">\n\t\t\t\t<div class=\"elementor-element elementor-element-3537d7e elementor-widget elementor-widget-spacer\" data-id=\"3537d7e\" data-element_type=\"widget\" data-widget_type=\"spacer.default\">\n\t\t\t\t\t\t\t<div class=\"elementor-spacer\">\n\t\t\t<div class=\"elementor-spacer-inner\"><\/div>\n\t\t<\/div>\n\t\t\t\t\t\t<\/div>\n\t\t\t\t<\/div>\n\t\t\t\t\t<\/div>\n\t\t\t\t<\/div>\n\t\t\t\t<\/div>","protected":false},"excerpt":{"rendered":"<p>Mieke ne peut plus travailler \u00e0 la suite d\u2019une tumeur c\u00e9r\u00e9brale avec r\u00e9cidive, mais elle reste in\u00e9branlablement positive.<\/p>","protected":false},"author":2,"featured_media":0,"parent":0,"menu_order":0,"comment_status":"closed","ping_status":"closed","template":"","meta":{"footnotes":""},"class_list":["post-175","page","type-page","status-publish","hentry"],"yoast_head":"<!-- This site is optimized with the Yoast SEO plugin v26.8 - https:\/\/yoast.com\/product\/yoast-seo-wordpress\/ -->\n<title>Getuigenis Mieke - Ik Probeer Verdomme<\/title>\n<meta name=\"robots\" content=\"index, follow, max-snippet:-1, max-image-preview:large, max-video-preview:-1\" \/>\n<link rel=\"canonical\" href=\"https:\/\/ik-probeer.be\/fr\/mieke\/\" \/>\n<meta property=\"og:locale\" content=\"fr_FR\" \/>\n<meta property=\"og:type\" content=\"article\" \/>\n<meta property=\"og:title\" content=\"Getuigenis Mieke - Ik Probeer Verdomme\" \/>\n<meta property=\"og:description\" content=\"Mieke kan niet meer werken als gevolg van een hersentumor met herval, maar ze blijft onverbiddelijk positief\" \/>\n<meta property=\"og:url\" content=\"https:\/\/ik-probeer.be\/fr\/mieke\/\" \/>\n<meta property=\"og:site_name\" content=\"Ik Probeer Verdomme\" \/>\n<meta property=\"article:modified_time\" content=\"2026-02-02T12:35:45+00:00\" \/>\n<meta name=\"twitter:card\" content=\"summary_large_image\" \/>\n<meta name=\"twitter:label1\" content=\"Dur\u00e9e de lecture est.\" \/>\n\t<meta name=\"twitter:data1\" content=\"4 minutes\" \/>\n<script type=\"application\/ld+json\" class=\"yoast-schema-graph\">{\"@context\":\"https:\/\/schema.org\",\"@graph\":[{\"@type\":\"WebPage\",\"@id\":\"https:\/\/ik-probeer.be\/mieke\/\",\"url\":\"https:\/\/ik-probeer.be\/mieke\/\",\"name\":\"Getuigenis Mieke - Ik Probeer Verdomme\",\"isPartOf\":{\"@id\":\"https:\/\/ik-probeer.be\/#website\"},\"datePublished\":\"2026-01-23T08:29:22+00:00\",\"dateModified\":\"2026-02-02T12:35:45+00:00\",\"breadcrumb\":{\"@id\":\"https:\/\/ik-probeer.be\/mieke\/#breadcrumb\"},\"inLanguage\":\"fr-BE\",\"potentialAction\":[{\"@type\":\"ReadAction\",\"target\":[\"https:\/\/ik-probeer.be\/mieke\/\"]}]},{\"@type\":\"BreadcrumbList\",\"@id\":\"https:\/\/ik-probeer.be\/mieke\/#breadcrumb\",\"itemListElement\":[{\"@type\":\"ListItem\",\"position\":1,\"name\":\"Home\",\"item\":\"https:\/\/ik-probeer.be\/\"},{\"@type\":\"ListItem\",\"position\":2,\"name\":\"Getuigenis Mieke\"}]},{\"@type\":\"WebSite\",\"@id\":\"https:\/\/ik-probeer.be\/#website\",\"url\":\"https:\/\/ik-probeer.be\/\",\"name\":\"Ik Probeer Verdomme\",\"description\":\"Leven met een hersentumor betekent elke dag opnieuw proberen.\\u2028 Te werken. Te onthouden. Te voelen. Erbij te horen. \",\"potentialAction\":[{\"@type\":\"SearchAction\",\"target\":{\"@type\":\"EntryPoint\",\"urlTemplate\":\"https:\/\/ik-probeer.be\/?s={search_term_string}\"},\"query-input\":{\"@type\":\"PropertyValueSpecification\",\"valueRequired\":true,\"valueName\":\"search_term_string\"}}],\"inLanguage\":\"fr-BE\"}]}<\/script>\n<!-- \/ Yoast SEO plugin. -->","yoast_head_json":{"title":"T\u00e9moignage Mieke - M'enfin J'essaie","robots":{"index":"index","follow":"follow","max-snippet":"max-snippet:-1","max-image-preview":"max-image-preview:large","max-video-preview":"max-video-preview:-1"},"canonical":"https:\/\/ik-probeer.be\/fr\/mieke\/","og_locale":"fr_FR","og_type":"article","og_title":"Getuigenis Mieke - Ik Probeer Verdomme","og_description":"Mieke kan niet meer werken als gevolg van een hersentumor met herval, maar ze blijft onverbiddelijk positief","og_url":"https:\/\/ik-probeer.be\/fr\/mieke\/","og_site_name":"Ik Probeer Verdomme","article_modified_time":"2026-02-02T12:35:45+00:00","twitter_card":"summary_large_image","twitter_misc":{"Dur\u00e9e de lecture est.":"4 minutes"},"schema":{"@context":"https:\/\/schema.org","@graph":[{"@type":"WebPage","@id":"https:\/\/ik-probeer.be\/mieke\/","url":"https:\/\/ik-probeer.be\/mieke\/","name":"T\u00e9moignage Mieke - M'enfin J'essaie","isPartOf":{"@id":"https:\/\/ik-probeer.be\/#website"},"datePublished":"2026-01-23T08:29:22+00:00","dateModified":"2026-02-02T12:35:45+00:00","breadcrumb":{"@id":"https:\/\/ik-probeer.be\/mieke\/#breadcrumb"},"inLanguage":"fr-BE","potentialAction":[{"@type":"ReadAction","target":["https:\/\/ik-probeer.be\/mieke\/"]}]},{"@type":"BreadcrumbList","@id":"https:\/\/ik-probeer.be\/mieke\/#breadcrumb","itemListElement":[{"@type":"ListItem","position":1,"name":"Home","item":"https:\/\/ik-probeer.be\/"},{"@type":"ListItem","position":2,"name":"Getuigenis Mieke"}]},{"@type":"WebSite","@id":"https:\/\/ik-probeer.be\/#website","url":"https:\/\/ik-probeer.be\/","name":"M'enfin J'essaie","description":"Vivre avec une tumeur c\u00e9r\u00e9brale, c\u2019est essayer chaque jour. Essayer de bouger. De parler. De travailler. De se souvenir. De ressentir. D\u2019appartenir encore \u00e0 la vie.","potentialAction":[{"@type":"SearchAction","target":{"@type":"EntryPoint","urlTemplate":"https:\/\/ik-probeer.be\/?s={search_term_string}"},"query-input":{"@type":"PropertyValueSpecification","valueRequired":true,"valueName":"search_term_string"}}],"inLanguage":"fr-BE"}]}},"_links":{"self":[{"href":"https:\/\/ik-probeer.be\/fr\/wp-json\/wp\/v2\/pages\/175","targetHints":{"allow":["GET"]}}],"collection":[{"href":"https:\/\/ik-probeer.be\/fr\/wp-json\/wp\/v2\/pages"}],"about":[{"href":"https:\/\/ik-probeer.be\/fr\/wp-json\/wp\/v2\/types\/page"}],"author":[{"embeddable":true,"href":"https:\/\/ik-probeer.be\/fr\/wp-json\/wp\/v2\/users\/2"}],"replies":[{"embeddable":true,"href":"https:\/\/ik-probeer.be\/fr\/wp-json\/wp\/v2\/comments?post=175"}],"version-history":[{"count":30,"href":"https:\/\/ik-probeer.be\/fr\/wp-json\/wp\/v2\/pages\/175\/revisions"}],"predecessor-version":[{"id":856,"href":"https:\/\/ik-probeer.be\/fr\/wp-json\/wp\/v2\/pages\/175\/revisions\/856"}],"wp:attachment":[{"href":"https:\/\/ik-probeer.be\/fr\/wp-json\/wp\/v2\/media?parent=175"}],"curies":[{"name":"wp","href":"https:\/\/api.w.org\/{rel}","templated":true}]}}