{"id":162,"date":"2026-01-23T08:18:50","date_gmt":"2026-01-23T08:18:50","guid":{"rendered":"https:\/\/ik-probeer.be\/?page_id=162"},"modified":"2026-02-02T12:30:38","modified_gmt":"2026-02-02T12:30:38","slug":"griet","status":"publish","type":"page","link":"https:\/\/ik-probeer.be\/fr\/griet\/","title":{"rendered":"Getuigenis Griet"},"content":{"rendered":"<div data-elementor-type=\"wp-page\" data-elementor-id=\"162\" class=\"elementor elementor-162\" data-elementor-post-type=\"page\">\n\t\t\t\t<div class=\"elementor-element elementor-element-b4f163e e-flex e-con-boxed e-con e-parent\" data-id=\"b4f163e\" data-element_type=\"container\">\n\t\t\t\t\t<div class=\"e-con-inner\">\n\t\t<div class=\"elementor-element elementor-element-a5f3996 e-con-full e-flex e-con e-child\" data-id=\"a5f3996\" data-element_type=\"container\">\n\t\t\t\t<div class=\"elementor-element elementor-element-22c4ecf elementor-widget elementor-widget-image\" data-id=\"22c4ecf\" data-element_type=\"widget\" data-no-translation=\"\" data-widget_type=\"image.default\">\n\t\t\t\t\t<style>.elementor-element-22c4ecf{display:none !important}<\/style>\t\t\t\t<\/div>\n\t\t\t\t<div class=\"elementor-element elementor-element-89adc47 elementor-widget elementor-widget-image\" data-id=\"89adc47\" data-element_type=\"widget\" data-no-translation=\"\" data-widget_type=\"image.default\">\n\t\t\t\t\t\t\t\t\t\t\t\t\t\t\t<img fetchpriority=\"high\" decoding=\"async\" width=\"512\" height=\"512\" src=\"https:\/\/ik-probeer.be\/wp-content\/uploads\/2026\/01\/Griet-Menfin-Jessaie-1.png\" class=\"attachment-large size-large wp-image-445\" alt=\"Griet - M\u2019enfin J\u2019essaie\" srcset=\"https:\/\/ik-probeer.be\/wp-content\/uploads\/2026\/01\/Griet-Menfin-Jessaie-1.png 512w, https:\/\/ik-probeer.be\/wp-content\/uploads\/2026\/01\/Griet-Menfin-Jessaie-1-300x300.png 300w, https:\/\/ik-probeer.be\/wp-content\/uploads\/2026\/01\/Griet-Menfin-Jessaie-1-150x150.png 150w, https:\/\/ik-probeer.be\/wp-content\/uploads\/2026\/01\/Griet-Menfin-Jessaie-1-12x12.png 12w\" sizes=\"(max-width: 512px) 100vw, 512px\" \/>\t\t\t\t\t\t\t\t\t\t\t\t\t\t\t<\/div>\n\t\t\t\t<\/div>\n\t\t<div class=\"elementor-element elementor-element-dd52eb9 e-con-full e-flex e-con e-child\" data-id=\"dd52eb9\" data-element_type=\"container\">\n\t\t\t\t<div class=\"elementor-element elementor-element-ffccea7 elementor-widget elementor-widget-text-editor\" data-id=\"ffccea7\" data-element_type=\"widget\" data-widget_type=\"text-editor.default\">\n\t\t\t\t\t\t\t\t\t<p><span style=\"color: #000000;\"><strong><span style=\"background: #DDDF4B;\"> \u201cElke dag sta ik op en ga ik slapen, wetend dat er nog steeds een stukje tumor in mijn hoofd zit.&#8221;<\/span><\/strong><\/span><\/p>\t\t\t\t\t\t\t\t<\/div>\n\t\t\t\t<div class=\"elementor-element elementor-element-248a4aa elementor-widget elementor-widget-text-editor\" data-id=\"248a4aa\" data-element_type=\"widget\" data-widget_type=\"text-editor.default\">\n\t\t\t\t\t\t\t\t\t<p><span style=\"font-weight: 400;\">Griet s\u2019est bien remise d\u2019un astrocytome, mais vit depuis sept ans avec une tumeur r\u00e9siduelle qui pourrait, un jour, recommencer \u00e0 grandir.<\/span><\/p>\t\t\t\t\t\t\t\t<\/div>\n\t\t\t\t<div class=\"elementor-element elementor-element-3a9ce61 elementor-widget elementor-widget-text-editor\" data-id=\"3a9ce61\" data-element_type=\"widget\" data-widget_type=\"text-editor.default\">\n\t\t\t\t\t\t\t\t\t<p><b>Nom:<\/b>\u00a0Griet Lambrecht<\/p><p><strong>Age:<\/strong> 37 ans<\/p><p><b>Domicile<\/b><span style=\"font-weight: 400;\">: Tielt<\/span><\/p>\t\t\t\t\t\t\t\t<\/div>\n\t\t\t\t<\/div>\n\t\t\t\t\t<\/div>\n\t\t\t\t<\/div>\n\t\t<div class=\"elementor-element elementor-element-2acd55e e-flex e-con-boxed e-con e-parent\" data-id=\"2acd55e\" data-element_type=\"container\">\n\t\t\t\t\t<div class=\"e-con-inner\">\n\t\t<div class=\"elementor-element elementor-element-98eeafb e-con-full e-flex e-con e-child\" data-id=\"98eeafb\" data-element_type=\"container\">\n\t\t\t\t<div class=\"elementor-element elementor-element-e2818d7 elementor-widget elementor-widget-text-editor\" data-id=\"e2818d7\" data-element_type=\"widget\" data-widget_type=\"text-editor.default\">\n\t\t\t\t\t\t\t\t\t<p><b>Quand et comment avez-vous d\u00e9couvert que vous aviez une tumeur c\u00e9r\u00e9brale ?<\/b><\/p><p><span style=\"font-weight: 400;\">\"Depuis plusieurs mois, ma m\u00e2choire se bloquait parfois lorsque je parlais. Le 1er septembre 2018, vers six heures du matin, j\u2019ai fait une crise d\u2019\u00e9pilepsie alors que notre petit gar\u00e7on de trois ans dormait avec nous. Notre fille de cinq ans \u00e9tait dans son lit, pr\u00eate pour son premier jour d\u2019\u00e9cole. Peu apr\u00e8s, une seconde crise a suivi. Ma bouche s\u2019est d\u00e9form\u00e9e et j\u2019ai imm\u00e9diatement pens\u00e9 \u00e0 une h\u00e9morragie c\u00e9r\u00e9brale. L\u2019ambulance m\u2019a conduite \u00e0 l\u2019h\u00f4pital, o\u00f9 j\u2019ai de nouveau fait une crise \u00e9pileptique. Le soir m\u00eame, je me suis rendue chez le neurologue avec mon mari et mon p\u00e8re. Le diagnostic a \u00e9t\u00e9 un v\u00e9ritable choc : une tumeur c\u00e9r\u00e9brale, la derni\u00e8re chose \u00e0 laquelle je m\u2019attendais. \u00c0 ce moment-l\u00e0, j\u2019ai vers\u00e9 mes premi\u00e8res, et aussi mes derni\u00e8res larmes.\"<\/span><\/p><p>\u00a0<\/p><p><b>Comment s\u2019est d\u00e9roul\u00e9 le traitement ?<\/b><\/p><p><span style=\"font-weight: 400;\">\"Douze jours plus tard, j\u2019ai \u00e9t\u00e9 op\u00e9r\u00e9e d\u2019un astrocytome, une tumeur qui provoque une prolif\u00e9ration incontr\u00f4l\u00e9e du tissu de soutien du cerveau. Il s\u2019agissait d\u2019une tumeur de grade 2 \u00e0 croissance lente. Comme elle se situait \u00e0 proximit\u00e9 imm\u00e9diate des zones c\u00e9r\u00e9brales responsables de la parole, le chirurgien n\u2019a pas pu la retirer compl\u00e8tement, au risque que je perde la capacit\u00e9 de parler. Un petit fragment est donc rest\u00e9, imbriqu\u00e9 dans le tissu c\u00e9r\u00e9bral. Ce tissu r\u00e9siduel a \u00e9t\u00e9 trait\u00e9 par trente s\u00e9ances de radioth\u00e9rapie sur six semaines, afin d\u2019en stopper l\u2019activit\u00e9 et d\u2019\u00e9viter toute progression. S\u2019en est suivie une p\u00e9riode de repos, puis neuf mois de chimioth\u00e9rapie.\"<\/span><\/p><p>\u00a0<\/p><p class=\" translation-block\">La r\u00e9\u00e9ducation \u00e9tait-elle indispensable ?<\/p><p><span style=\"font-weight: 400;\">\"Les m\u00e9decins ont rapidement \u00e9tabli un bilan clair : un an de traitement serait n\u00e9cessaire, suivi d\u2019une ann\u00e9e de repos. J\u2019\u00e9tais convaincue que, pour moi, les choses iraient plus vite, mais les m\u00e9decins avaient parfaitement raison. La r\u00e9cup\u00e9ration consistait principalement \u00e0 me reposer \u00e0 domicile et \u00e0 reprendre progressivement des forces. J\u2019avais pr\u00e9vu de faire beaucoup de choses pendant cette p\u00e9riode, comme cr\u00e9er des albums photo, mais rien de tout cela n\u2019a \u00e9t\u00e9 possible. Le repos \u00e9tait tout ce que j\u2019\u00e9tais capable de faire. J\u2019ai re\u00e7u \u00e9norm\u00e9ment de soutien de ma famille. Mon mari a port\u00e9 notre famille \u00e0 bout de bras, ma maman m\u2019a aid\u00e9e pour les t\u00e2ches pratiques comme les courses et les repas. Mon oncle \u00e9tait mon chauffeur attitr\u00e9 pour me rendre \u00e0 la clinique, et ma s\u0153ur, m\u00e9decin du travail, suivait mon dossier m\u00e9dical de pr\u00e8s. Pour le reste, je ressentais peu le besoin de partager mon parcours avec d\u2019autres. Avec eux, je voulais simplement \u00eatre Griet.\"<\/span><\/p><p>\u00a0<\/p><p><b>Comment votre employeur a-t-il r\u00e9agi ?<\/b><\/p><p><span style=\"font-weight: 400;\">\"\u00c0 l\u2019\u00e9poque, je travaillais depuis six ans chez Danis, une entreprise familiale ouest-flandrienne active dans le secteur agricole. J\u2019ai d\u2019abord \u00e9t\u00e9 en incapacit\u00e9 de travail pendant trois mois, p\u00e9riode prolong\u00e9e \u00e0 neuf mois, puis \u00e0 deux ans. D\u00e8s le d\u00e9but, j\u2019ai \u00e9t\u00e9 tr\u00e8s transparente avec mon employeur et nous sommes rest\u00e9s en contact chaque mois durant ces deux ann\u00e9es. Cela a cr\u00e9\u00e9 un climat de confiance et de compr\u00e9hension.\nLe 4 septembre 2020, exactement deux ans apr\u00e8s la crise, j\u2019ai repris le travail selon un parcours progressif : d\u2019abord \u00e0 30 %, puis \u00e0 50 %, avant de revenir \u00e0 100 %, rythme que je maintiens encore aujourd\u2019hui. Ce trajet de reprise progressive a \u00e9t\u00e9 crucial pour retrouver mon rythme, tant physique que mental. Non seulement mon corps, mais aussi mon cerveau devaient \u00eatre r\u00e9entra\u00een\u00e9s. Entre-temps, ma fonction initiale avait \u00e9t\u00e9 reprise par quelqu\u2019un d\u2019autre, mais j\u2019ai pu int\u00e9grer une autre division de l\u2019entreprise. Reprendre le travail \u00e9tait tr\u00e8s important pour moi, mais aussi pour ma famille. Je voulais montrer le bon exemple \u00e0 mes enfants et leur transmettre l\u2019id\u00e9e qu\u2019il faut travailler pour avancer dans la vie. Je tiens toutefois \u00e0 souligner qu\u2019il faut que cela soit possible, tant physiquement que mentalement. Dans mon cas, c\u2019\u00e9tait heureusement le cas.\"<\/span><\/p><p>\u00a0<\/p><p><b>Comment la tumeur c\u00e9r\u00e9brale a-t-elle chang\u00e9 votre quotidien ?<\/b><\/p><p><span style=\"font-weight: 400;\">\"Je n\u2019ai conserv\u00e9 aucune s\u00e9quelle de l\u2019intervention, mais chaque jour, je me l\u00e8ve et je me couche en sachant qu\u2019il reste toujours un fragment de tumeur dans ma t\u00eate. Les m\u00e9dicaments anti\u00e9pileptiques que je prends matin et soir me le rappellent quotidiennement. Les contr\u00f4les semestriels sont \u00e9galement tr\u00e8s lourds \u00e9motionnellement. Je les planifie toujours fin juin et fin d\u00e9cembre, afin de pouvoir partir en vacances l\u2019esprit tranquille. Il est impossible de pr\u00e9dire quand la tumeur recommencera \u00e0 \u00e9voluer. En cas de tumeur c\u00e9r\u00e9brale, il n\u2019existe pas de valeurs sanguines \u00e0 surveiller ; les m\u00e9decins ne peuvent que comparer les imageries successives pour d\u00e9tecter d\u2019\u00e9ventuels changements. Mais un jour, la tumeur devra \u00e0 nouveau \u00eatre op\u00e9r\u00e9e. Heureusement, nous disposons en Belgique d\u2019excellents m\u00e9decins.\"<\/span><\/p><p>\u00a0<\/p><p><b>Pourquoi avez-vous voulu devenir un visage de cette campagne ?<\/b><\/p><p><span style=\"font-weight: 400;\">\"Je veux donner du courage et une perspective aux personnes qui traversent une \u00e9preuve similaire. Est-ce que quelque chose a chang\u00e9 dans ma vie depuis le 1er septembre 2018 ? Certainement. Est-ce que ma vie est devenue meilleure ou pire ? Je ne le sais pas. Cela m\u2019est arriv\u00e9, et j\u2019ai d\u00fb continuer. Chacun porte sa propre croix. J\u2019ai choisi d\u2019accepter ce qui est, de continuer \u00e0 avancer avec un regard positif et de profiter consciemment des moments qui comptent vraiment.\"<\/span><\/p>\t\t\t\t\t\t\t\t<\/div>\n\t\t\t\t<\/div>\n\t\t\t\t\t<\/div>\n\t\t\t\t<\/div>\n\t\t<div class=\"elementor-element elementor-element-48815b7 e-flex e-con-boxed e-con e-parent\" data-id=\"48815b7\" data-element_type=\"container\">\n\t\t\t\t\t<div class=\"e-con-inner\">\n\t\t\t\t<div class=\"elementor-element elementor-element-67e732c elementor-widget elementor-widget-spacer\" data-id=\"67e732c\" data-element_type=\"widget\" data-widget_type=\"spacer.default\">\n\t\t\t\t\t\t\t<div class=\"elementor-spacer\">\n\t\t\t<div class=\"elementor-spacer-inner\"><\/div>\n\t\t<\/div>\n\t\t\t\t\t\t<\/div>\n\t\t\t\t\t<\/div>\n\t\t\t\t<\/div>\n\t\t<div class=\"elementor-element elementor-element-19a8fd8 e-flex e-con-boxed e-con e-parent\" data-id=\"19a8fd8\" data-element_type=\"container\" data-settings=\"{&quot;background_background&quot;:&quot;classic&quot;}\">\n\t\t\t\t\t<div class=\"e-con-inner\">\n\t\t<div class=\"elementor-element elementor-element-08a68fa e-con-full e-flex e-con e-child\" data-id=\"08a68fa\" data-element_type=\"container\">\n\t\t\t\t<div class=\"elementor-element elementor-element-9a962f1 elementor-widget elementor-widget-image\" data-id=\"9a962f1\" data-element_type=\"widget\" data-no-translation=\"\" data-widget_type=\"image.default\">\n\t\t\t\t\t<style>.elementor-element-9a962f1{display:none !important}<\/style>\t\t\t\t<\/div>\n\t\t\t\t<div class=\"elementor-element elementor-element-bd2fbd2 elementor-widget elementor-widget-image\" data-id=\"bd2fbd2\" data-element_type=\"widget\" data-no-translation=\"\" data-widget_type=\"image.default\">\n\t\t\t\t\t\t\t\t\t\t\t\t\t\t\t<img decoding=\"async\" width=\"512\" height=\"512\" src=\"https:\/\/ik-probeer.be\/wp-content\/uploads\/2026\/01\/menfin-jessaie-Logo-Wit.png\" class=\"attachment-large size-large wp-image-74\" alt=\"m&#039;enfin, j&#039;essaie\" srcset=\"https:\/\/ik-probeer.be\/wp-content\/uploads\/2026\/01\/menfin-jessaie-Logo-Wit.png 512w, https:\/\/ik-probeer.be\/wp-content\/uploads\/2026\/01\/menfin-jessaie-Logo-Wit-300x300.png 300w, https:\/\/ik-probeer.be\/wp-content\/uploads\/2026\/01\/menfin-jessaie-Logo-Wit-150x150.png 150w\" sizes=\"(max-width: 512px) 100vw, 512px\" \/>\t\t\t\t\t\t\t\t\t\t\t\t\t\t\t<\/div>\n\t\t\t\t<\/div>\n\t\t<div class=\"elementor-element elementor-element-56f9f98 e-con-full e-flex e-con e-child\" data-id=\"56f9f98\" data-element_type=\"container\">\n\t\t\t\t<div class=\"elementor-element elementor-element-4da7a50 elementor-widget elementor-widget-text-editor\" data-id=\"4da7a50\" data-element_type=\"widget\" data-widget_type=\"text-editor.default\">\n\t\t\t\t\t\t\t\t\t<p><strong>\u2026 de continuer \u00e0 avancer et de poursuivre une vie aussi normale que possible. Et de saisir toutes les opportunit\u00e9s.<\/strong><\/p>\t\t\t\t\t\t\t\t<\/div>\n\t\t\t\t<div class=\"elementor-element elementor-element-12b93ba elementor-widget elementor-widget-spacer\" data-id=\"12b93ba\" data-element_type=\"widget\" data-widget_type=\"spacer.default\">\n\t\t\t\t\t\t\t<div class=\"elementor-spacer\">\n\t\t\t<div class=\"elementor-spacer-inner\"><\/div>\n\t\t<\/div>\n\t\t\t\t\t\t<\/div>\n\t\t\t\t<\/div>\n\t\t\t\t\t<\/div>\n\t\t\t\t<\/div>\n\t\t<div class=\"elementor-element elementor-element-c5c3262 e-flex e-con-boxed e-con e-parent\" data-id=\"c5c3262\" data-element_type=\"container\" data-settings=\"{&quot;background_background&quot;:&quot;classic&quot;}\">\n\t\t\t\t\t<div class=\"e-con-inner\">\n\t\t<div class=\"elementor-element elementor-element-1535c58 e-con-full e-flex e-con e-child\" data-id=\"1535c58\" data-element_type=\"container\">\n\t\t\t\t<div class=\"elementor-element elementor-element-5cde0e0 elementor-widget elementor-widget-spacer\" data-id=\"5cde0e0\" data-element_type=\"widget\" data-widget_type=\"spacer.default\">\n\t\t\t\t\t\t\t<div class=\"elementor-spacer\">\n\t\t\t<div class=\"elementor-spacer-inner\"><\/div>\n\t\t<\/div>\n\t\t\t\t\t\t<\/div>\n\t\t\t\t<\/div>\n\t\t<div class=\"elementor-element elementor-element-b0699f5 e-con-full e-flex e-con e-child\" data-id=\"b0699f5\" data-element_type=\"container\">\n\t\t<div class=\"elementor-element elementor-element-38cc55b e-con-full e-flex e-con e-child\" data-id=\"38cc55b\" data-element_type=\"container\">\n\t\t\t\t<div class=\"elementor-element elementor-element-fb7f412 elementor-widget elementor-widget-text-editor\" data-id=\"fb7f412\" data-element_type=\"widget\" data-widget_type=\"text-editor.default\">\n\t\t\t\t\t\t\t\t\t<p><strong>\u00c0 propos de la campagne<\/strong><\/p>\t\t\t\t\t\t\t\t<\/div>\n\t\t\t\t<div class=\"elementor-element elementor-element-6cb3289 elementor-widget elementor-widget-text-editor\" data-id=\"6cb3289\" data-element_type=\"widget\" data-widget_type=\"text-editor.default\">\n\t\t\t\t\t\t\t\t\t<p><span style=\"font-weight: 400;\">Cette campagne donne une voix \u00e0 des personnes qui se battent chaque jour pour continuer \u00e0 faire partie de la vie. Pas pour susciter la piti\u00e9, mais pour demander de la compr\u00e9hension.\u00a0<\/span><\/p><p><span style=\"font-weight: 400;\">Des personnes qui essaient. Chaque jour. Encore et encore.\u00a0<\/span><\/p><p><b>Essaierez-vous,<\/b><span style=\"font-weight: 400;\"> vous aussi, de rendre leur histoire visible ? Soutenez la campagne :  partagez-la sur vos canaux, parlez-en autour de vous et montrez que le fait d\u2019essayer m\u00e9rite d\u2019\u00eatre vu.<\/span><\/p>\t\t\t\t\t\t\t\t<\/div>\n\t\t\t\t<div class=\"elementor-element elementor-element-702b69f elementor-widget elementor-widget-button\" data-id=\"702b69f\" data-element_type=\"widget\" data-widget_type=\"button.default\">\n\t\t\t\t\t\t\t\t\t\t<a class=\"elementor-button elementor-button-link elementor-size-sm\" href=\"https:\/\/ik-probeer.be\/campagne\/\">\n\t\t\t\t\t\t<span class=\"elementor-button-content-wrapper\">\n\t\t\t\t\t\t\t\t\t<span class=\"elementor-button-text\">Soutenez la campagne<\/span>\n\t\t\t\t\t<\/span>\n\t\t\t\t\t<\/a>\n\t\t\t\t\t\t\t\t<\/div>\n\t\t\t\t<\/div>\n\t\t<div class=\"elementor-element elementor-element-cdddbea e-con-full e-flex e-con e-child\" data-id=\"cdddbea\" data-element_type=\"container\">\n\t\t\t\t<div class=\"elementor-element elementor-element-fd0817b elementor-widget elementor-widget-image\" data-id=\"fd0817b\" data-element_type=\"widget\" data-no-translation=\"\" data-widget_type=\"image.default\">\n\t\t\t\t\t<style>.elementor-element-fd0817b{display:none !important}<\/style>\t\t\t\t<\/div>\n\t\t\t\t<div class=\"elementor-element elementor-element-0bc6323 elementor-widget elementor-widget-image\" data-id=\"0bc6323\" data-element_type=\"widget\" data-no-translation=\"\" data-widget_type=\"image.default\">\n\t\t\t\t\t\t\t\t\t\t\t\t\t\t\t<img decoding=\"async\" width=\"800\" height=\"800\" src=\"https:\/\/ik-probeer.be\/wp-content\/uploads\/2026\/01\/Steunpakket_1_1_Servier_FR2-1024x1024.png\" class=\"attachment-large size-large wp-image-754\" alt=\"Steunpakket_1_1_Servier_FR2\" srcset=\"https:\/\/ik-probeer.be\/wp-content\/uploads\/2026\/01\/Steunpakket_1_1_Servier_FR2-1024x1024.png 1024w, https:\/\/ik-probeer.be\/wp-content\/uploads\/2026\/01\/Steunpakket_1_1_Servier_FR2-300x300.png 300w, https:\/\/ik-probeer.be\/wp-content\/uploads\/2026\/01\/Steunpakket_1_1_Servier_FR2-150x150.png 150w, https:\/\/ik-probeer.be\/wp-content\/uploads\/2026\/01\/Steunpakket_1_1_Servier_FR2-768x768.png 768w, https:\/\/ik-probeer.be\/wp-content\/uploads\/2026\/01\/Steunpakket_1_1_Servier_FR2-12x12.png 12w, https:\/\/ik-probeer.be\/wp-content\/uploads\/2026\/01\/Steunpakket_1_1_Servier_FR2.png 1080w\" sizes=\"(max-width: 800px) 100vw, 800px\" \/>\t\t\t\t\t\t\t\t\t\t\t\t\t\t\t<\/div>\n\t\t\t\t<\/div>\n\t\t\t\t<\/div>\n\t\t<div class=\"elementor-element elementor-element-6dd2e8c e-con-full e-flex e-con e-child\" data-id=\"6dd2e8c\" data-element_type=\"container\">\n\t\t\t\t<div class=\"elementor-element elementor-element-16cfae5 elementor-widget elementor-widget-spacer\" data-id=\"16cfae5\" data-element_type=\"widget\" data-widget_type=\"spacer.default\">\n\t\t\t\t\t\t\t<div class=\"elementor-spacer\">\n\t\t\t<div class=\"elementor-spacer-inner\"><\/div>\n\t\t<\/div>\n\t\t\t\t\t\t<\/div>\n\t\t\t\t<\/div>\n\t\t\t\t\t<\/div>\n\t\t\t\t<\/div>\n\t\t\t\t<\/div>","protected":false},"excerpt":{"rendered":"<p>Griet s\u2019est bien remise d\u2019un astrocytome, mais vit depuis sept ans avec une tumeur r\u00e9siduelle qui pourrait, un jour, recommencer \u00e0 grandir.<\/p>","protected":false},"author":2,"featured_media":444,"parent":0,"menu_order":0,"comment_status":"closed","ping_status":"closed","template":"","meta":{"footnotes":""},"class_list":["post-162","page","type-page","status-publish","has-post-thumbnail","hentry"],"yoast_head":"<!-- This site is optimized with the Yoast SEO plugin v26.8 - https:\/\/yoast.com\/product\/yoast-seo-wordpress\/ -->\n<title>Getuigenis Griet - Ik Probeer Verdomme<\/title>\n<meta name=\"robots\" content=\"index, follow, max-snippet:-1, max-image-preview:large, max-video-preview:-1\" \/>\n<link rel=\"canonical\" href=\"https:\/\/ik-probeer.be\/fr\/griet\/\" \/>\n<meta property=\"og:locale\" content=\"fr_FR\" \/>\n<meta property=\"og:type\" content=\"article\" \/>\n<meta property=\"og:title\" content=\"Getuigenis Griet - Ik Probeer Verdomme\" \/>\n<meta property=\"og:description\" content=\"Griet herstelde succesvol van een astrocytoom, maar loopt al zeven jaar rond met een resttumor die op een dag weer kan beginnen groeien.\" \/>\n<meta property=\"og:url\" content=\"https:\/\/ik-probeer.be\/fr\/griet\/\" \/>\n<meta property=\"og:site_name\" content=\"Ik Probeer Verdomme\" \/>\n<meta property=\"article:modified_time\" content=\"2026-02-02T12:30:38+00:00\" \/>\n<meta property=\"og:image\" content=\"https:\/\/ik-probeer.be\/wp-content\/uploads\/2026\/01\/Griet-Ik-Probeer-Verdomme-1.png\" \/>\n\t<meta property=\"og:image:width\" content=\"512\" \/>\n\t<meta property=\"og:image:height\" content=\"512\" \/>\n\t<meta property=\"og:image:type\" content=\"image\/png\" \/>\n<meta name=\"twitter:card\" content=\"summary_large_image\" \/>\n<meta name=\"twitter:label1\" content=\"Dur\u00e9e de lecture est.\" \/>\n\t<meta name=\"twitter:data1\" content=\"5 minutes\" \/>\n<script type=\"application\/ld+json\" class=\"yoast-schema-graph\">{\"@context\":\"https:\/\/schema.org\",\"@graph\":[{\"@type\":\"WebPage\",\"@id\":\"https:\/\/ik-probeer.be\/griet\/\",\"url\":\"https:\/\/ik-probeer.be\/griet\/\",\"name\":\"Getuigenis Griet - Ik Probeer Verdomme\",\"isPartOf\":{\"@id\":\"https:\/\/ik-probeer.be\/#website\"},\"primaryImageOfPage\":{\"@id\":\"https:\/\/ik-probeer.be\/griet\/#primaryimage\"},\"image\":{\"@id\":\"https:\/\/ik-probeer.be\/griet\/#primaryimage\"},\"thumbnailUrl\":\"https:\/\/ik-probeer.be\/wp-content\/uploads\/2026\/01\/Griet-Ik-Probeer-Verdomme-1.png\",\"datePublished\":\"2026-01-23T08:18:50+00:00\",\"dateModified\":\"2026-02-02T12:30:38+00:00\",\"breadcrumb\":{\"@id\":\"https:\/\/ik-probeer.be\/griet\/#breadcrumb\"},\"inLanguage\":\"fr-BE\",\"potentialAction\":[{\"@type\":\"ReadAction\",\"target\":[\"https:\/\/ik-probeer.be\/griet\/\"]}]},{\"@type\":\"ImageObject\",\"inLanguage\":\"fr-BE\",\"@id\":\"https:\/\/ik-probeer.be\/griet\/#primaryimage\",\"url\":\"https:\/\/ik-probeer.be\/wp-content\/uploads\/2026\/01\/Griet-Ik-Probeer-Verdomme-1.png\",\"contentUrl\":\"https:\/\/ik-probeer.be\/wp-content\/uploads\/2026\/01\/Griet-Ik-Probeer-Verdomme-1.png\",\"width\":512,\"height\":512,\"caption\":\"Griet - Ik Probeer Verdomme\"},{\"@type\":\"BreadcrumbList\",\"@id\":\"https:\/\/ik-probeer.be\/griet\/#breadcrumb\",\"itemListElement\":[{\"@type\":\"ListItem\",\"position\":1,\"name\":\"Home\",\"item\":\"https:\/\/ik-probeer.be\/\"},{\"@type\":\"ListItem\",\"position\":2,\"name\":\"Getuigenis Griet\"}]},{\"@type\":\"WebSite\",\"@id\":\"https:\/\/ik-probeer.be\/#website\",\"url\":\"https:\/\/ik-probeer.be\/\",\"name\":\"Ik Probeer Verdomme\",\"description\":\"Leven met een hersentumor betekent elke dag opnieuw proberen.\\u2028 Te werken. Te onthouden. Te voelen. Erbij te horen. \",\"potentialAction\":[{\"@type\":\"SearchAction\",\"target\":{\"@type\":\"EntryPoint\",\"urlTemplate\":\"https:\/\/ik-probeer.be\/?s={search_term_string}\"},\"query-input\":{\"@type\":\"PropertyValueSpecification\",\"valueRequired\":true,\"valueName\":\"search_term_string\"}}],\"inLanguage\":\"fr-BE\"}]}<\/script>\n<!-- \/ Yoast SEO plugin. -->","yoast_head_json":{"title":"T\u00e9moignage Griet - M'enfin J'essaie","robots":{"index":"index","follow":"follow","max-snippet":"max-snippet:-1","max-image-preview":"max-image-preview:large","max-video-preview":"max-video-preview:-1"},"canonical":"https:\/\/ik-probeer.be\/fr\/griet\/","og_locale":"fr_FR","og_type":"article","og_title":"Getuigenis Griet - Ik Probeer Verdomme","og_description":"Griet herstelde succesvol van een astrocytoom, maar loopt al zeven jaar rond met een resttumor die op een dag weer kan beginnen groeien.","og_url":"https:\/\/ik-probeer.be\/fr\/griet\/","og_site_name":"Ik Probeer Verdomme","article_modified_time":"2026-02-02T12:30:38+00:00","og_image":[{"width":512,"height":512,"url":"https:\/\/ik-probeer.be\/wp-content\/uploads\/2026\/01\/Griet-Ik-Probeer-Verdomme-1.png","type":"image\/png"}],"twitter_card":"summary_large_image","twitter_misc":{"Dur\u00e9e de lecture est.":"5 minutes"},"schema":{"@context":"https:\/\/schema.org","@graph":[{"@type":"WebPage","@id":"https:\/\/ik-probeer.be\/griet\/","url":"https:\/\/ik-probeer.be\/griet\/","name":"T\u00e9moignage Griet - M'enfin J'essaie","isPartOf":{"@id":"https:\/\/ik-probeer.be\/#website"},"primaryImageOfPage":{"@id":"https:\/\/ik-probeer.be\/griet\/#primaryimage"},"image":{"@id":"https:\/\/ik-probeer.be\/griet\/#primaryimage"},"thumbnailUrl":"https:\/\/ik-probeer.be\/wp-content\/uploads\/2026\/01\/Griet-Ik-Probeer-Verdomme-1.png","datePublished":"2026-01-23T08:18:50+00:00","dateModified":"2026-02-02T12:30:38+00:00","breadcrumb":{"@id":"https:\/\/ik-probeer.be\/griet\/#breadcrumb"},"inLanguage":"fr-BE","potentialAction":[{"@type":"ReadAction","target":["https:\/\/ik-probeer.be\/griet\/"]}]},{"@type":"ImageObject","inLanguage":"fr-BE","@id":"https:\/\/ik-probeer.be\/griet\/#primaryimage","url":"https:\/\/ik-probeer.be\/wp-content\/uploads\/2026\/01\/Griet-Ik-Probeer-Verdomme-1.png","contentUrl":"https:\/\/ik-probeer.be\/wp-content\/uploads\/2026\/01\/Griet-Ik-Probeer-Verdomme-1.png","width":512,"height":512,"caption":"Griet - Ik Probeer Verdomme"},{"@type":"BreadcrumbList","@id":"https:\/\/ik-probeer.be\/griet\/#breadcrumb","itemListElement":[{"@type":"ListItem","position":1,"name":"Home","item":"https:\/\/ik-probeer.be\/"},{"@type":"ListItem","position":2,"name":"Getuigenis Griet"}]},{"@type":"WebSite","@id":"https:\/\/ik-probeer.be\/#website","url":"https:\/\/ik-probeer.be\/","name":"M'enfin J'essaie","description":"Vivre avec une tumeur c\u00e9r\u00e9brale, c\u2019est essayer chaque jour. Essayer de bouger. De parler. De travailler. De se souvenir. De ressentir. D\u2019appartenir encore \u00e0 la vie.","potentialAction":[{"@type":"SearchAction","target":{"@type":"EntryPoint","urlTemplate":"https:\/\/ik-probeer.be\/?s={search_term_string}"},"query-input":{"@type":"PropertyValueSpecification","valueRequired":true,"valueName":"search_term_string"}}],"inLanguage":"fr-BE"}]}},"_links":{"self":[{"href":"https:\/\/ik-probeer.be\/fr\/wp-json\/wp\/v2\/pages\/162","targetHints":{"allow":["GET"]}}],"collection":[{"href":"https:\/\/ik-probeer.be\/fr\/wp-json\/wp\/v2\/pages"}],"about":[{"href":"https:\/\/ik-probeer.be\/fr\/wp-json\/wp\/v2\/types\/page"}],"author":[{"embeddable":true,"href":"https:\/\/ik-probeer.be\/fr\/wp-json\/wp\/v2\/users\/2"}],"replies":[{"embeddable":true,"href":"https:\/\/ik-probeer.be\/fr\/wp-json\/wp\/v2\/comments?post=162"}],"version-history":[{"count":37,"href":"https:\/\/ik-probeer.be\/fr\/wp-json\/wp\/v2\/pages\/162\/revisions"}],"predecessor-version":[{"id":847,"href":"https:\/\/ik-probeer.be\/fr\/wp-json\/wp\/v2\/pages\/162\/revisions\/847"}],"wp:featuredmedia":[{"embeddable":true,"href":"https:\/\/ik-probeer.be\/fr\/wp-json\/wp\/v2\/media\/444"}],"wp:attachment":[{"href":"https:\/\/ik-probeer.be\/fr\/wp-json\/wp\/v2\/media?parent=162"}],"curies":[{"name":"wp","href":"https:\/\/api.w.org\/{rel}","templated":true}]}}