{"id":108,"date":"2026-01-22T21:19:15","date_gmt":"2026-01-22T21:19:15","guid":{"rendered":"https:\/\/ik-probeer.be\/?page_id=108"},"modified":"2026-03-20T13:45:38","modified_gmt":"2026-03-20T13:45:38","slug":"campagne","status":"publish","type":"page","link":"https:\/\/ik-probeer.be\/fr\/campagne\/","title":{"rendered":"Soutenez la campagne"},"content":{"rendered":"<div data-elementor-type=\"wp-page\" data-elementor-id=\"108\" class=\"elementor elementor-108\" data-elementor-post-type=\"page\">\n\t\t\t\t<div class=\"elementor-element elementor-element-d215b63 e-flex e-con-boxed e-con e-parent\" data-id=\"d215b63\" data-element_type=\"container\">\n\t\t\t\t\t<div class=\"e-con-inner\">\n\t\t<div class=\"elementor-element elementor-element-fe7c61d e-con-full e-flex e-con e-child\" data-id=\"fe7c61d\" data-element_type=\"container\">\n\t\t\t\t<div class=\"elementor-element elementor-element-63618ca elementor-widget elementor-widget-text-editor\" data-id=\"63618ca\" data-element_type=\"widget\" data-widget_type=\"text-editor.default\">\n\t\t\t\t\t\t\t\t\t<p><strong>Soutenez la campagne<\/strong><\/p>\t\t\t\t\t\t\t\t<\/div>\n\t\t\t\t<div class=\"elementor-element elementor-element-909c1cc elementor-widget elementor-widget-text-editor\" data-id=\"909c1cc\" data-element_type=\"widget\" data-widget_type=\"text-editor.default\">\n\t\t\t\t\t\t\t\t\t<p><span style=\"font-weight: 400;\">Cette campagne donne une voix \u00e0 des personnes qui se battent chaque jour pour continuer \u00e0 faire partie de la vie. Pas pour susciter la piti\u00e9, mais pour demander de la compr\u00e9hension.\u00a0<\/span><\/p>\n<p><span style=\"font-weight: 400;\">Des personnes qui essaient. Chaque jour. Encore et encore.\u00a0<\/span><\/p>\n<p><b>Essaierez-vous,<\/b><span style=\"font-weight: 400;\"> vous aussi, de rendre leur histoire visible ? Soutenez la campagne :  partagez-la sur vos canaux, parlez-en autour de vous et montrez que le fait d\u2019essayer m\u00e9rite d\u2019\u00eatre vu.<\/span><\/p>\t\t\t\t\t\t\t\t<\/div>\n\t\t\t\t<\/div>\n\t\t\t\t\t<\/div>\n\t\t\t\t<\/div>\n\t\t<div class=\"elementor-element elementor-element-4a60b56 e-flex e-con-boxed e-con e-parent\" data-id=\"4a60b56\" data-element_type=\"container\" data-settings=\"{&quot;background_background&quot;:&quot;classic&quot;}\">\n\t\t\t\t\t<div class=\"e-con-inner\">\n\t\t<div class=\"elementor-element elementor-element-fd4d718 e-con-full e-flex e-con e-child\" data-id=\"fd4d718\" data-element_type=\"container\">\n\t\t\t\t<div class=\"elementor-element elementor-element-9dc77a3 elementor-widget elementor-widget-image\" data-id=\"9dc77a3\" data-element_type=\"widget\" data-no-translation=\"\" data-widget_type=\"image.default\">\n\t\t\t\t\t<style>.elementor-element-9dc77a3{display:none !important}<\/style>\t\t\t\t<\/div>\n\t\t\t\t<div class=\"elementor-element elementor-element-c9c0c32 elementor-widget elementor-widget-image\" data-id=\"c9c0c32\" data-element_type=\"widget\" data-no-translation=\"\" data-widget_type=\"image.default\">\n\t\t\t\t\t\t\t\t\t\t\t\t\t\t\t<img fetchpriority=\"high\" decoding=\"async\" width=\"800\" height=\"800\" src=\"https:\/\/ik-probeer.be\/wp-content\/uploads\/2026\/01\/Steunpakket_1_1_Servier_FR2-1024x1024.png\" class=\"attachment-large size-large wp-image-754\" alt=\"Steunpakket_1_1_Servier_FR2\" srcset=\"https:\/\/ik-probeer.be\/wp-content\/uploads\/2026\/01\/Steunpakket_1_1_Servier_FR2-1024x1024.png 1024w, https:\/\/ik-probeer.be\/wp-content\/uploads\/2026\/01\/Steunpakket_1_1_Servier_FR2-300x300.png 300w, https:\/\/ik-probeer.be\/wp-content\/uploads\/2026\/01\/Steunpakket_1_1_Servier_FR2-150x150.png 150w, https:\/\/ik-probeer.be\/wp-content\/uploads\/2026\/01\/Steunpakket_1_1_Servier_FR2-768x768.png 768w, https:\/\/ik-probeer.be\/wp-content\/uploads\/2026\/01\/Steunpakket_1_1_Servier_FR2-12x12.png 12w, https:\/\/ik-probeer.be\/wp-content\/uploads\/2026\/01\/Steunpakket_1_1_Servier_FR2.png 1080w\" sizes=\"(max-width: 800px) 100vw, 800px\" \/>\t\t\t\t\t\t\t\t\t\t\t\t\t\t\t<\/div>\n\t\t\t\t<\/div>\n\t\t<div class=\"elementor-element elementor-element-85aece6 e-con-full e-flex e-con e-child\" data-id=\"85aece6\" data-element_type=\"container\">\n\t\t\t\t<div class=\"elementor-element elementor-element-9f2d3b6 elementor-widget elementor-widget-text-editor\" data-id=\"9f2d3b6\" data-element_type=\"widget\" data-widget_type=\"text-editor.default\">\n\t\t\t\t\t\t\t\t\t<p><strong>Partagez la campagne !\u00a0<\/strong><\/p>\t\t\t\t\t\t\t\t<\/div>\n\t\t\t\t<div class=\"elementor-element elementor-element-7e27168 elementor-widget elementor-widget-text-editor\" data-id=\"7e27168\" data-element_type=\"widget\" data-widget_type=\"text-editor.default\">\n\t\t\t\t\t\t\t\t\t<p data-start=\"448\" data-end=\"670\">Souhaitez-vous rendre la campagne visible aussi hors ligne ?<br data-start=\"507\" data-end=\"510\" \/>Dans la section t\u00e9l\u00e9chargement, vous trouverez du mat\u00e9riel de campagne librement utilisable : images, visuels et textes \u00e0 partager sur les r\u00e9seaux sociaux, des sites web ou dans des newsletters.<\/p><p data-start=\"672\" data-end=\"766\">Chaque publication partag\u00e9e cr\u00e9e plus de compr\u00e9hension.<br data-start=\"714\" data-end=\"717\" \/>Chaque action aide \u00e0 faire vivre leur histoire.<\/p>\t\t\t\t\t\t\t\t<\/div>\n\t\t\t\t<div class=\"elementor-element elementor-element-64de96a elementor-widget elementor-widget-html\" data-id=\"64de96a\" data-element_type=\"widget\" data-no-translation=\"\" data-widget_type=\"html.default\">\n\t\t\t\t\t<style>.elementor-element-64de96a{display:none !important}<\/style>\t\t\t\t<\/div>\n\t\t\t\t<div class=\"elementor-element elementor-element-4d16336 elementor-widget elementor-widget-html\" data-id=\"4d16336\" data-element_type=\"widget\" data-no-translation=\"\" data-widget_type=\"html.default\">\n\t\t\t\t\t<a href=\"https:\/\/ik-probeer.be\/Downloads\/Campagne_FR.zip\">\n  <img decoding=\"async\" src=\"\/Downloads\/Telecharger.jpg\" alt=\"T\u00e9l\u00e9charger\" width=\"150\" height=\"\">\n<\/a>\t\t\t\t<\/div>\n\t\t\t\t<\/div>\n\t\t\t\t\t<\/div>\n\t\t\t\t<\/div>\n\t\t<div class=\"elementor-element elementor-element-68fbdb4 e-flex e-con-boxed e-con e-parent\" data-id=\"68fbdb4\" data-element_type=\"container\" data-settings=\"{&quot;background_background&quot;:&quot;classic&quot;}\">\n\t\t\t\t\t<div class=\"e-con-inner\">\n\t\t<div class=\"elementor-element elementor-element-e0a7e56 e-con-full e-flex e-con e-child\" data-id=\"e0a7e56\" data-element_type=\"container\">\n\t\t\t\t<div class=\"elementor-element elementor-element-a14cc08 elementor-widget elementor-widget-text-editor\" data-id=\"a14cc08\" data-element_type=\"widget\" data-widget_type=\"text-editor.default\">\n\t\t\t\t\t\t\t\t\t<p><strong>Commandez un kit de soutien !<\/strong><\/p>\t\t\t\t\t\t\t\t<\/div>\n\t\t\t\t<\/div>\n\t\t\t\t\t<\/div>\n\t\t\t\t<\/div>\n\t\t<div class=\"elementor-element elementor-element-bae5f02 e-flex e-con-boxed e-con e-parent\" data-id=\"bae5f02\" data-element_type=\"container\" data-settings=\"{&quot;background_background&quot;:&quot;classic&quot;}\">\n\t\t\t\t\t<div class=\"e-con-inner\">\n\t\t<div class=\"elementor-element elementor-element-9e9d639 e-con-full e-flex e-con e-child\" data-id=\"9e9d639\" data-element_type=\"container\">\n\t\t\t\t<div class=\"elementor-element elementor-element-891845b elementor-widget elementor-widget-text-editor\" data-id=\"891845b\" data-element_type=\"widget\" data-widget_type=\"text-editor.default\">\n\t\t\t\t\t\t\t\t\t<p data-start=\"868\" data-end=\"948\">Souhaitez-vous rendre la campagne visible aussi hors ligne ?<br data-start=\"915\" data-end=\"918\" \/>Demandez un kit de soutien.<\/p><p data-start=\"950\" data-end=\"1146\">Le kit contient des affiches, des flyers et d\u2019autres supports de campagne \u00e0 diffuser sur votre lieu de travail, au sein de votre association, de votre \u00e9cole ou dans votre quartier.<br data-start=\"1071\" data-end=\"1074\" \/>Apr\u00e8s votre demande, le kit vous sera envoy\u00e9 par courrier dans les jours qui suivent.<\/p><p data-start=\"1148\" data-end=\"1251\">Vous contribuez ainsi \u00e0 ouvrir le dialogue<br data-start=\"1197\" data-end=\"1200\" \/>l\u00e0 o\u00f9 les gens vivent, travaillent et se rencontrent.<\/p>\t\t\t\t\t\t\t\t<\/div>\n\t\t\t\t<\/div>\n\t\t<div class=\"elementor-element elementor-element-a597610 e-con-full e-flex e-con e-child\" data-id=\"a597610\" data-element_type=\"container\">\n\t\t\t\t<div class=\"elementor-element elementor-element-0496746 elementor-button-align-start elementor-widget elementor-widget-form\" data-id=\"0496746\" data-element_type=\"widget\" data-settings=\"{&quot;step_next_label&quot;:&quot;Next&quot;,&quot;step_previous_label&quot;:&quot;Previous&quot;,&quot;button_width&quot;:&quot;100&quot;,&quot;step_type&quot;:&quot;number_text&quot;,&quot;step_icon_shape&quot;:&quot;circle&quot;}\" data-widget_type=\"form.default\">\n\t\t\t\t\t\t\t<form class=\"elementor-form\" method=\"post\" name=\"New Form\" aria-label=\"Formulaire\" action=\"\">\n\t\t\t<input type=\"hidden\" name=\"post_id\" value=\"108\"\/>\n\t\t\t<input type=\"hidden\" name=\"form_id\" value=\"0496746\"\/>\n\t\t\t<input type=\"hidden\" name=\"referer_title\" value=\"Steun deze campagne - Ik Probeer Verdomme\" \/>\n\n\t\t\t\t\t\t\t<input type=\"hidden\" name=\"queried_id\" value=\"108\"\/>\n\t\t\t\n\t\t\t<div class=\"elementor-form-fields-wrapper elementor-labels-above\">\n\t\t\t\t\t\t\t\t<div class=\"elementor-field-type-radio elementor-field-group elementor-column elementor-field-group-field_798c364 elementor-col-100 elementor-field-required\">\n\t\t\t\t\t\t\t\t\t\t\t\t<label for=\"form-field-field_798c364\" class=\"elementor-field-label\">\n\t\t\t\t\t\t\t\tTaal\t\t\t\t\t\t\t<\/label>\n\t\t\t\t\t\t<div class=\"elementor-field-subgroup\"><span class=\"elementor-field-option\"><input type=\"radio\" value=\"NL\" id=\"form-field-field_798c364-0\" name=\"form_fields[field_798c364]\" required=\"required\"> <label for=\"form-field-field_798c364-0\">NL<\/label><\/span><span class=\"elementor-field-option\"><input type=\"radio\" value=\"FR\" id=\"form-field-field_798c364-1\" name=\"form_fields[field_798c364]\" required=\"required\"> <label for=\"form-field-field_798c364-1\">FR<\/label><\/span><\/div>\t\t\t\t<\/div>\n\t\t\t\t\t\t\t\t<div class=\"elementor-field-type-text elementor-field-group elementor-column elementor-field-group-name elementor-col-100 elementor-field-required\">\n\t\t\t\t\t\t\t\t\t\t\t\t<label for=\"form-field-name\" class=\"elementor-field-label\">\n\t\t\t\t\t\t\t\tNom\t\t\t\t\t\t\t<\/label>\n\t\t\t\t\t\t\t\t\t\t\t\t\t\t<input size=\"1\" type=\"text\" name=\"form_fields[name]\" id=\"form-field-name\" class=\"elementor-field elementor-size-sm  elementor-field-textual\" placeholder=\"Nom\" required=\"required\">\n\t\t\t\t\t\t\t\t\t\t\t<\/div>\n\t\t\t\t\t\t\t\t<div class=\"elementor-field-type-text elementor-field-group elementor-column elementor-field-group-field_3ae3666 elementor-col-100 elementor-field-required\">\n\t\t\t\t\t\t\t\t\t\t\t\t<label for=\"form-field-field_3ae3666\" class=\"elementor-field-label\">\n\t\t\t\t\t\t\t\tAdresse\t\t\t\t\t\t\t<\/label>\n\t\t\t\t\t\t\t\t\t\t\t\t\t\t<input size=\"1\" type=\"text\" name=\"form_fields[field_3ae3666]\" id=\"form-field-field_3ae3666\" class=\"elementor-field elementor-size-sm  elementor-field-textual\" placeholder=\"Adresse\" required=\"required\">\n\t\t\t\t\t\t\t\t\t\t\t<\/div>\n\t\t\t\t\t\t\t\t<div class=\"elementor-field-type-text elementor-field-group elementor-column elementor-field-group-field_9460c0e elementor-col-100 elementor-field-required\">\n\t\t\t\t\t\t\t\t\t\t\t\t<label for=\"form-field-field_9460c0e\" class=\"elementor-field-label\">\n\t\t\t\t\t\t\t\tCode postal\t\t\t\t\t\t\t<\/label>\n\t\t\t\t\t\t\t\t\t\t\t\t\t\t<input size=\"1\" type=\"text\" name=\"form_fields[field_9460c0e]\" id=\"form-field-field_9460c0e\" class=\"elementor-field elementor-size-sm  elementor-field-textual\" placeholder=\"Code postal\" required=\"required\">\n\t\t\t\t\t\t\t\t\t\t\t<\/div>\n\t\t\t\t\t\t\t\t<div class=\"elementor-field-type-text elementor-field-group elementor-column elementor-field-group-field_0d7dff2 elementor-col-100 elementor-field-required\">\n\t\t\t\t\t\t\t\t\t\t\t\t<label for=\"form-field-field_0d7dff2\" class=\"elementor-field-label\">\n\t\t\t\t\t\t\t\tCommune\t\t\t\t\t\t\t<\/label>\n\t\t\t\t\t\t\t\t\t\t\t\t\t\t<input size=\"1\" type=\"text\" name=\"form_fields[field_0d7dff2]\" id=\"form-field-field_0d7dff2\" class=\"elementor-field elementor-size-sm  elementor-field-textual\" placeholder=\"Commune\" required=\"required\">\n\t\t\t\t\t\t\t\t\t\t\t<\/div>\n\t\t\t\t\t\t\t\t<div class=\"elementor-field-type-email elementor-field-group elementor-column elementor-field-group-email elementor-col-100\">\n\t\t\t\t\t\t\t\t\t\t\t\t<label for=\"form-field-email\" class=\"elementor-field-label\">\n\t\t\t\t\t\t\t\tE-mail\t\t\t\t\t\t\t<\/label>\n\t\t\t\t\t\t\t\t\t\t\t\t\t\t<input size=\"1\" type=\"email\" name=\"form_fields[email]\" id=\"form-field-email\" class=\"elementor-field elementor-size-sm  elementor-field-textual\" placeholder=\"E-mail\">\n\t\t\t\t\t\t\t\t\t\t\t<\/div>\n\t\t\t\t\t\t\t\t<div class=\"elementor-field-type-textarea elementor-field-group elementor-column elementor-field-group-message elementor-col-100\">\n\t\t\t\t\t\t\t\t\t\t\t\t<label for=\"form-field-message\" class=\"elementor-field-label\">\n\t\t\t\t\t\t\t\tRemarques\t\t\t\t\t\t\t<\/label>\n\t\t\t\t\t\t<textarea class=\"elementor-field-textual elementor-field  elementor-size-sm\" name=\"form_fields[message]\" id=\"form-field-message\" rows=\"4\" placeholder=\"Votre message\"><\/textarea>\t\t\t\t<\/div>\n\t\t\t\t\t\t\t\t<div class=\"elementor-field-group elementor-column elementor-field-type-submit elementor-col-100 e-form__buttons\">\n\t\t\t\t\t<button class=\"elementor-button elementor-size-sm\" type=\"submit\">\n\t\t\t\t\t\t<span class=\"elementor-button-content-wrapper\">\n\t\t\t\t\t\t\t\t\t\t\t\t\t\t\t\t\t\t\t\t\t\t<span class=\"elementor-button-text\">Commander<\/span>\n\t\t\t\t\t\t\t\t\t\t\t\t\t<\/span>\n\t\t\t\t\t<\/button>\n\t\t\t\t<\/div>\n\t\t\t<\/div>\n\t\t<input type=\"hidden\" name=\"trp-form-language\" value=\"fr\"\/><\/form>\n\t\t\t\t\t\t<\/div>\n\t\t\t\t<\/div>\n\t\t\t\t\t<\/div>\n\t\t\t\t<\/div>\n\t\t\t\t<\/div>","protected":false},"excerpt":{"rendered":"<p>Hannah, Ingele, Mieke, Griet, Cynthia, Brecht en Filip proberren elke dag te leven met hun hersentumor. Probeer jij met hen mee?<\/p>","protected":false},"author":1,"featured_media":72,"parent":0,"menu_order":0,"comment_status":"closed","ping_status":"closed","template":"","meta":{"footnotes":""},"class_list":["post-108","page","type-page","status-publish","has-post-thumbnail","hentry"],"yoast_head":"<!-- This site is optimized with the Yoast SEO plugin v26.8 - https:\/\/yoast.com\/product\/yoast-seo-wordpress\/ -->\n<title>Steun deze campagne - Ik Probeer Verdomme<\/title>\n<meta name=\"description\" content=\"Deze moedige ambassadeurs leven met een hersentumor. Dat is elke dag proberen. Probeer jij met hen mee?\" \/>\n<meta name=\"robots\" content=\"index, follow, max-snippet:-1, max-image-preview:large, max-video-preview:-1\" \/>\n<link rel=\"canonical\" href=\"https:\/\/ik-probeer.be\/fr\/campagne\/\" \/>\n<meta property=\"og:locale\" content=\"fr_FR\" \/>\n<meta property=\"og:type\" content=\"article\" \/>\n<meta property=\"og:title\" content=\"Ik Probeer Verdomme\" \/>\n<meta property=\"og:description\" content=\"Probeer jij mee met Ingele, Mieke, Hannah, Griet, Cynthia, Brecht en Filip? Deel onze campagne!\" \/>\n<meta property=\"og:url\" content=\"https:\/\/ik-probeer.be\/fr\/campagne\/\" \/>\n<meta property=\"og:site_name\" content=\"Ik Probeer Verdomme\" \/>\n<meta property=\"article:modified_time\" content=\"2026-03-20T13:45:38+00:00\" \/>\n<meta property=\"og:image\" content=\"https:\/\/ik-probeer.be\/wp-content\/uploads\/2026\/01\/Ik-Probeer-Verdomme-Logo-Zwart.png\" \/>\n\t<meta property=\"og:image:width\" content=\"512\" \/>\n\t<meta property=\"og:image:height\" content=\"512\" \/>\n\t<meta property=\"og:image:type\" content=\"image\/png\" \/>\n<meta name=\"twitter:card\" content=\"summary_large_image\" \/>\n<meta name=\"twitter:label1\" content=\"Dur\u00e9e de lecture est.\" \/>\n\t<meta name=\"twitter:data1\" content=\"2 minutes\" \/>\n<script type=\"application\/ld+json\" class=\"yoast-schema-graph\">{\"@context\":\"https:\/\/schema.org\",\"@graph\":[{\"@type\":\"WebPage\",\"@id\":\"https:\/\/ik-probeer.be\/campagne\/\",\"url\":\"https:\/\/ik-probeer.be\/campagne\/\",\"name\":\"Steun deze campagne - Ik Probeer Verdomme\",\"isPartOf\":{\"@id\":\"https:\/\/ik-probeer.be\/#website\"},\"primaryImageOfPage\":{\"@id\":\"https:\/\/ik-probeer.be\/campagne\/#primaryimage\"},\"image\":{\"@id\":\"https:\/\/ik-probeer.be\/campagne\/#primaryimage\"},\"thumbnailUrl\":\"https:\/\/ik-probeer.be\/wp-content\/uploads\/2026\/01\/Ik-Probeer-Verdomme-Logo-Zwart.png\",\"datePublished\":\"2026-01-22T21:19:15+00:00\",\"dateModified\":\"2026-03-20T13:45:38+00:00\",\"description\":\"Deze moedige ambassadeurs leven met een hersentumor. Dat is elke dag proberen. Probeer jij met hen mee?\",\"breadcrumb\":{\"@id\":\"https:\/\/ik-probeer.be\/campagne\/#breadcrumb\"},\"inLanguage\":\"fr-BE\",\"potentialAction\":[{\"@type\":\"ReadAction\",\"target\":[\"https:\/\/ik-probeer.be\/campagne\/\"]}]},{\"@type\":\"ImageObject\",\"inLanguage\":\"fr-BE\",\"@id\":\"https:\/\/ik-probeer.be\/campagne\/#primaryimage\",\"url\":\"https:\/\/ik-probeer.be\/wp-content\/uploads\/2026\/01\/Ik-Probeer-Verdomme-Logo-Zwart.png\",\"contentUrl\":\"https:\/\/ik-probeer.be\/wp-content\/uploads\/2026\/01\/Ik-Probeer-Verdomme-Logo-Zwart.png\",\"width\":512,\"height\":512,\"caption\":\"Ik Probeer Verdomme - Logo Zwart\"},{\"@type\":\"BreadcrumbList\",\"@id\":\"https:\/\/ik-probeer.be\/campagne\/#breadcrumb\",\"itemListElement\":[{\"@type\":\"ListItem\",\"position\":1,\"name\":\"Home\",\"item\":\"https:\/\/ik-probeer.be\/\"},{\"@type\":\"ListItem\",\"position\":2,\"name\":\"Steun deze campagne\"}]},{\"@type\":\"WebSite\",\"@id\":\"https:\/\/ik-probeer.be\/#website\",\"url\":\"https:\/\/ik-probeer.be\/\",\"name\":\"Ik Probeer Verdomme\",\"description\":\"Leven met een hersentumor betekent elke dag opnieuw proberen.\\u2028 Te werken. Te onthouden. Te voelen. Erbij te horen. \",\"potentialAction\":[{\"@type\":\"SearchAction\",\"target\":{\"@type\":\"EntryPoint\",\"urlTemplate\":\"https:\/\/ik-probeer.be\/?s={search_term_string}\"},\"query-input\":{\"@type\":\"PropertyValueSpecification\",\"valueRequired\":true,\"valueName\":\"search_term_string\"}}],\"inLanguage\":\"fr-BE\"}]}<\/script>\n<!-- \/ Yoast SEO plugin. -->","yoast_head_json":{"title":"Soutenez la campagne - M'enfin J'essaie","description":"Ces courageux ambassadeurs vivent avec une tumeur au cerveau. C'est un d\u00e9fi quotidien. Voulez-vous les rejoindre ?","robots":{"index":"index","follow":"follow","max-snippet":"max-snippet:-1","max-image-preview":"max-image-preview:large","max-video-preview":"max-video-preview:-1"},"canonical":"https:\/\/ik-probeer.be\/fr\/campagne\/","og_locale":"fr_FR","og_type":"article","og_title":"Ik Probeer Verdomme","og_description":"Probeer jij mee met Ingele, Mieke, Hannah, Griet, Cynthia, Brecht en Filip? Deel onze campagne!","og_url":"https:\/\/ik-probeer.be\/fr\/campagne\/","og_site_name":"Ik Probeer Verdomme","article_modified_time":"2026-03-20T13:45:38+00:00","og_image":[{"width":512,"height":512,"url":"https:\/\/ik-probeer.be\/wp-content\/uploads\/2026\/01\/Ik-Probeer-Verdomme-Logo-Zwart.png","type":"image\/png"}],"twitter_card":"summary_large_image","twitter_misc":{"Dur\u00e9e de lecture est.":"2 minutes"},"schema":{"@context":"https:\/\/schema.org","@graph":[{"@type":"WebPage","@id":"https:\/\/ik-probeer.be\/campagne\/","url":"https:\/\/ik-probeer.be\/campagne\/","name":"Soutenez la campagne - M'enfin J'essaie","isPartOf":{"@id":"https:\/\/ik-probeer.be\/#website"},"primaryImageOfPage":{"@id":"https:\/\/ik-probeer.be\/campagne\/#primaryimage"},"image":{"@id":"https:\/\/ik-probeer.be\/campagne\/#primaryimage"},"thumbnailUrl":"https:\/\/ik-probeer.be\/wp-content\/uploads\/2026\/01\/Ik-Probeer-Verdomme-Logo-Zwart.png","datePublished":"2026-01-22T21:19:15+00:00","dateModified":"2026-03-20T13:45:38+00:00","description":"Ces courageux ambassadeurs vivent avec une tumeur au cerveau. C'est un d\u00e9fi quotidien. Voulez-vous les rejoindre ?","breadcrumb":{"@id":"https:\/\/ik-probeer.be\/campagne\/#breadcrumb"},"inLanguage":"fr-BE","potentialAction":[{"@type":"ReadAction","target":["https:\/\/ik-probeer.be\/campagne\/"]}]},{"@type":"ImageObject","inLanguage":"fr-BE","@id":"https:\/\/ik-probeer.be\/campagne\/#primaryimage","url":"https:\/\/ik-probeer.be\/wp-content\/uploads\/2026\/01\/Ik-Probeer-Verdomme-Logo-Zwart.png","contentUrl":"https:\/\/ik-probeer.be\/wp-content\/uploads\/2026\/01\/Ik-Probeer-Verdomme-Logo-Zwart.png","width":512,"height":512,"caption":"Ik Probeer Verdomme - Logo Zwart"},{"@type":"BreadcrumbList","@id":"https:\/\/ik-probeer.be\/campagne\/#breadcrumb","itemListElement":[{"@type":"ListItem","position":1,"name":"Home","item":"https:\/\/ik-probeer.be\/"},{"@type":"ListItem","position":2,"name":"Steun deze campagne"}]},{"@type":"WebSite","@id":"https:\/\/ik-probeer.be\/#website","url":"https:\/\/ik-probeer.be\/","name":"M'enfin J'essaie","description":"Vivre avec une tumeur c\u00e9r\u00e9brale, c\u2019est essayer chaque jour. Essayer de bouger. De parler. De travailler. De se souvenir. De ressentir. D\u2019appartenir encore \u00e0 la vie.","potentialAction":[{"@type":"SearchAction","target":{"@type":"EntryPoint","urlTemplate":"https:\/\/ik-probeer.be\/?s={search_term_string}"},"query-input":{"@type":"PropertyValueSpecification","valueRequired":true,"valueName":"search_term_string"}}],"inLanguage":"fr-BE"}]}},"_links":{"self":[{"href":"https:\/\/ik-probeer.be\/fr\/wp-json\/wp\/v2\/pages\/108","targetHints":{"allow":["GET"]}}],"collection":[{"href":"https:\/\/ik-probeer.be\/fr\/wp-json\/wp\/v2\/pages"}],"about":[{"href":"https:\/\/ik-probeer.be\/fr\/wp-json\/wp\/v2\/types\/page"}],"author":[{"embeddable":true,"href":"https:\/\/ik-probeer.be\/fr\/wp-json\/wp\/v2\/users\/1"}],"replies":[{"embeddable":true,"href":"https:\/\/ik-probeer.be\/fr\/wp-json\/wp\/v2\/comments?post=108"}],"version-history":[{"count":144,"href":"https:\/\/ik-probeer.be\/fr\/wp-json\/wp\/v2\/pages\/108\/revisions"}],"predecessor-version":[{"id":883,"href":"https:\/\/ik-probeer.be\/fr\/wp-json\/wp\/v2\/pages\/108\/revisions\/883"}],"wp:featuredmedia":[{"embeddable":true,"href":"https:\/\/ik-probeer.be\/fr\/wp-json\/wp\/v2\/media\/72"}],"wp:attachment":[{"href":"https:\/\/ik-probeer.be\/fr\/wp-json\/wp\/v2\/media?parent=108"}],"curies":[{"name":"wp","href":"https:\/\/api.w.org\/{rel}","templated":true}]}}